{"id":2999,"date":"2020-10-26T12:03:07","date_gmt":"2020-10-26T15:03:07","guid":{"rendered":"https:\/\/www.morrodochapeu.com.br\/?page_id=2999"},"modified":"2020-11-09T19:25:22","modified_gmt":"2020-11-09T21:25:22","slug":"praca-dos-bem-te-vis","status":"publish","type":"page","link":"https:\/\/www.morrodochapeu.com.br\/en\/praca-dos-bem-te-vis\/","title":{"rendered":"Pra\u00e7a dos Bem-te-vis"},"content":{"rendered":"<div class=\"wpb-content-wrapper\"><p>[vc_row][vc_column css=&#8221;.vc_custom_1534969948411{margin-right: 20px !important;}&#8221;]<div class=\"dt-fancy-separator title-left h2-size style-disabled accent-title-color\" style=\"width: 100%;\"><div class=\"dt-fancy-title\"><span class=\"separator-holder separator-left\"><\/span>Pra\u00e7a dos Bem-te-vis<span class=\"separator-holder separator-right\"><\/span><\/div><\/div>[vc_empty_space height=&#8221;30px&#8221;]<style type=\"text\/css\" data-type=\"the7_shortcodes-inline-css\">.gallery-carousel-shortcode.gallery-carousel-shortcode-id-b8bf7f34191bb363446574c6664cc55b.owl-carousel .owl-nav div {\n  width: 25px;\n  height: 25px;\n  border-radius: 500px;\n}\n.dt-arrow-border-on.gallery-carousel-shortcode.gallery-carousel-shortcode-id-b8bf7f34191bb363446574c6664cc55b.owl-carousel .owl-nav div:not(:hover):before {\n  border-width: 0px;\n}\n.dt-arrow-hover-border-on.gallery-carousel-shortcode.gallery-carousel-shortcode-id-b8bf7f34191bb363446574c6664cc55b.owl-carousel .owl-nav div:hover:after {\n  border-width: 0px;\n}\n.gallery-carousel-shortcode.gallery-carousel-shortcode-id-b8bf7f34191bb363446574c6664cc55b.owl-carousel .owl-nav div.owl-prev {\n  top: 50%;\n  transform: translateY(calc(-50% + 0px));\n  left: -43px;\n}\n@media all and (-ms-high-contrast: none) {\n  .gallery-carousel-shortcode.gallery-carousel-shortcode-id-b8bf7f34191bb363446574c6664cc55b.owl-carousel .owl-nav div.owl-prev {\n    transform: translateY(-50%);\n    margin-top: 0px;\n  }\n}\n.gallery-carousel-shortcode.gallery-carousel-shortcode-id-b8bf7f34191bb363446574c6664cc55b.owl-carousel .owl-nav div.owl-prev i {\n  padding: 0px 0px 0px 0px;\n}\n.gallery-carousel-shortcode.gallery-carousel-shortcode-id-b8bf7f34191bb363446574c6664cc55b.owl-carousel .owl-nav div.owl-next {\n  top: 50%;\n  transform: translateY(calc(-50% + 0px));\n  right: -43px;\n}\n@media all and (-ms-high-contrast: none) {\n  .gallery-carousel-shortcode.gallery-carousel-shortcode-id-b8bf7f34191bb363446574c6664cc55b.owl-carousel .owl-nav div.owl-next {\n    transform: translateY(-50%);\n    margin-top: 0px;\n  }\n}\n.gallery-carousel-shortcode.gallery-carousel-shortcode-id-b8bf7f34191bb363446574c6664cc55b.owl-carousel .owl-nav div.owl-next i {\n  padding: 0px 0px 0px 0px;\n}\n.gallery-carousel-shortcode.gallery-carousel-shortcode-id-b8bf7f34191bb363446574c6664cc55b.owl-carousel .owl-nav i {\n  font-size: 12px;\n}\n.gallery-carousel-shortcode.gallery-carousel-shortcode-id-b8bf7f34191bb363446574c6664cc55b.owl-carousel .owl-nav div:not(:hover) i,\n.gallery-carousel-shortcode.gallery-carousel-shortcode-id-b8bf7f34191bb363446574c6664cc55b.owl-carousel .owl-nav div:not(:hover) i:before {\n  color: #ffffff;\n  background: none;\n}\n.gallery-carousel-shortcode.gallery-carousel-shortcode-id-b8bf7f34191bb363446574c6664cc55b.owl-carousel .owl-nav div:hover i,\n.gallery-carousel-shortcode.gallery-carousel-shortcode-id-b8bf7f34191bb363446574c6664cc55b.owl-carousel .owl-nav div:hover i:before {\n  color: rgba(255,255,255,0.75);\n  background: none;\n}\n.gallery-carousel-shortcode.gallery-carousel-shortcode-id-b8bf7f34191bb363446574c6664cc55b .owl-dots {\n  top: calc(100% + 20px);\n  left: 50%;\n  transform: translateX(calc(-50% + 0px));\n}\n@media all and (-ms-high-contrast: none) {\n  .gallery-carousel-shortcode.gallery-carousel-shortcode-id-b8bf7f34191bb363446574c6664cc55b .owl-dots {\n    transform: translateX(-50%);\n    margin-left: 0px;\n  }\n}\n.gallery-carousel-shortcode.gallery-carousel-shortcode-id-b8bf7f34191bb363446574c6664cc55b .owl-dot {\n  width: 10px;\n  height: 10px;\n  margin: 0 8px;\n}\n@media screen and (max-width: 778px) {\n  .gallery-carousel-shortcode.gallery-carousel-shortcode-id-b8bf7f34191bb363446574c6664cc55b.hide-arrows .owl-nav a {\n    display: none;\n  }\n}\n@media screen and (max-width: 778px) {\n  .gallery-carousel-shortcode.gallery-carousel-shortcode-id-b8bf7f34191bb363446574c6664cc55b.reposition-arrows .owl-nav .owl-prev {\n    top: 50%;\n    transform: translateY(calc(-50% + 0px));\n    left: 10px;\n  }\n  .gallery-carousel-shortcode.gallery-carousel-shortcode-id-b8bf7f34191bb363446574c6664cc55b.reposition-arrows .owl-nav .owl-next {\n    top: 50%;\n    transform: translateY(calc(-50% + 0px));\n    right: 10px;\n  }\n}\n@media screen and (max-width: 778px) and all and (-ms-high-contrast: none) {\n  .gallery-carousel-shortcode.gallery-carousel-shortcode-id-b8bf7f34191bb363446574c6664cc55b.reposition-arrows .owl-nav .owl-prev {\n    transform: translateY(-50%);\n    margin-top: 0px;\n  }\n}\n@media screen and (max-width: 778px) and all and (-ms-high-contrast: none) {\n  .gallery-carousel-shortcode.gallery-carousel-shortcode-id-b8bf7f34191bb363446574c6664cc55b.reposition-arrows .owl-nav .owl-next {\n    transform: translateY(-50%);\n    margin-top: 0px;\n  }\n}\n.gallery-carousel-shortcode.gallery-carousel-shortcode-id-b8bf7f34191bb363446574c6664cc55b figure,\n.gallery-carousel-shortcode.gallery-carousel-shortcode-id-b8bf7f34191bb363446574c6664cc55b .rollover,\n.gallery-carousel-shortcode.gallery-carousel-shortcode-id-b8bf7f34191bb363446574c6664cc55b img,\n.gallery-carousel-shortcode.gallery-carousel-shortcode-id-b8bf7f34191bb363446574c6664cc55b .gallery-rollover {\n  border-radius: 0px;\n}\n.gallery-carousel-shortcode.gallery-carousel-shortcode-id-b8bf7f34191bb363446574c6664cc55b.enable-bg-rollover .gallery-rollover {\n  background: -webkit-linear-gradient();\n  background: linear-gradient();\n}\n.gallery-carousel-shortcode.gallery-carousel-shortcode-id-b8bf7f34191bb363446574c6664cc55b.enable-img-shadow .owl-stage-outer {\n  padding: 3px 0;\n}\n.gallery-carousel-shortcode.gallery-carousel-shortcode-id-b8bf7f34191bb363446574c6664cc55b.enable-bg-rollover.hover-scale figure .rollover:after {\n  background: -webkit-linear-gradient();\n  background: linear-gradient();\n}\n.gallery-carousel-shortcode.gallery-carousel-shortcode-id-b8bf7f34191bb363446574c6664cc55b.gallery-shortcode .gallery-zoom-ico {\n  width: 44px;\n  height: 44px;\n  line-height: 44px;\n  border-radius: 100px;\n  margin: -22px 0 0 -22px;\n  border-width: 0px;\n}\n.dt-icon-bg-on.gallery-carousel-shortcode.gallery-carousel-shortcode-id-b8bf7f34191bb363446574c6664cc55b.gallery-shortcode .gallery-zoom-ico {\n  background: rgba(255,255,255,0.3);\n  box-shadow: none;\n}\n.gallery-carousel-shortcode.gallery-carousel-shortcode-id-b8bf7f34191bb363446574c6664cc55b.gallery-shortcode .gallery-zoom-ico:before,\n.gallery-carousel-shortcode.gallery-carousel-shortcode-id-b8bf7f34191bb363446574c6664cc55b.gallery-shortcode .gallery-zoom-ico span {\n  font-size: 32px;\n  line-height: 44px;\n  color: #ffffff;\n  background: none;\n}\n<\/style><div class=\"owl-carousel gallery-carousel-shortcode gallery-shortcode  dt-gallery-container dt-owl-carousel-call gallery-carousel-shortcode-id-b8bf7f34191bb363446574c6664cc55b quick-scale-img enable-bg-rollover meta-info-off dt-arrow-border-on dt-arrow-hover-border-on bullets-small-dot-stroke reposition-arrows dt-icon-bg-off arrows-bg-on disable-arrows-hover-bg arrows-hover-bg-on  hover-fade \" data-scroll-mode=\"1\" data-col-num=\"3\" data-wide-col-num=\"3\" data-laptop-col=\"2\" data-h-tablet-columns-num=\"2\" data-v-tablet-columns-num=\"2\" data-phone-columns-num=\"1\" data-col-gap=\"-1\" data-stage-padding=\"0\" data-speed=\"300\" data-autoplay=\"true\" data-autoplay_speed=\"3000\" data-arrows=\"true\" data-bullet=\"false\" data-next-icon=\"icon-ar-017-r\" data-prev-icon=\"icon-ar-017-l\" data-img-shadow-size=\"12px\" data-img-shadow-spread=\"3px\"><div data-post-id=\"3001\" data-date=\"2020-06-30T18:04:50-03:00\" data-name=\"morro-do-chapeu-golfe-clube-bosque-dos-bentevis\"><figure class=\"post\"><a href=\"https:\/\/www.morrodochapeu.com.br\/wp-content\/uploads\/2020\/06\/morro-do-chapeu-golfe-clube-bosque-dos-bentevis.jpg\" class=\"rollover dt-pswp-item layzr-bg\" data-large_image_width=\"1500\" data-large_image_height=\"900\" data-dt-img-description=\"\" title=\"morro-do-chapeu-golfe-clube-bosque-dos-bentevis\"><img fetchpriority=\"high\" decoding=\"async\" class=\"preload-me owl-lazy-load aspect\" src=\"data:image\/svg+xml,%3Csvg%20xmlns%3D&#39;http%3A%2F%2Fwww.w3.org%2F2000%2Fsvg&#39;%20viewBox%3D&#39;0%200%20900%20900&#39;%2F%3E\" data-src=\"https:\/\/www.morrodochapeu.com.br\/wp-content\/uploads\/2020\/06\/morro-do-chapeu-golfe-clube-bosque-dos-bentevis-900x900.jpg\" data-srcset=\"https:\/\/www.morrodochapeu.com.br\/wp-content\/uploads\/2020\/06\/morro-do-chapeu-golfe-clube-bosque-dos-bentevis-900x900.jpg 900w\" loading=\"eager\" style=\"--ratio: 900 \/ 900\" sizes=\"(max-width: 900px) 100vw, 900px\" alt=\"\" width=\"900\" height=\"900\"  \/><span class=\"gallery-rollover\"><span class=\"gallery-zoom-ico icomoon-the7-font-the7-zoom-06\"><span><\/span><\/span><\/span><\/a><\/figure><\/div><div data-post-id=\"3002\" data-date=\"2020-06-30T18:05:00-03:00\" data-name=\"morro-do-chapeu-golfe-clube-bosque-dos-bentevis-01\"><figure class=\"post\"><a href=\"https:\/\/www.morrodochapeu.com.br\/wp-content\/uploads\/2020\/06\/morro-do-chapeu-golfe-clube-bosque-dos-bentevis-01.jpg\" class=\"rollover dt-pswp-item layzr-bg\" data-large_image_width=\"1500\" data-large_image_height=\"900\" data-dt-img-description=\"\" title=\"morro-do-chapeu-golfe-clube-bosque-dos-bentevis-01\"><img decoding=\"async\" class=\"preload-me owl-lazy-load aspect\" src=\"data:image\/svg+xml,%3Csvg%20xmlns%3D&#39;http%3A%2F%2Fwww.w3.org%2F2000%2Fsvg&#39;%20viewBox%3D&#39;0%200%20900%20900&#39;%2F%3E\" data-src=\"https:\/\/www.morrodochapeu.com.br\/wp-content\/uploads\/2020\/06\/morro-do-chapeu-golfe-clube-bosque-dos-bentevis-01-900x900.jpg\" data-srcset=\"https:\/\/www.morrodochapeu.com.br\/wp-content\/uploads\/2020\/06\/morro-do-chapeu-golfe-clube-bosque-dos-bentevis-01-900x900.jpg 900w\" loading=\"eager\" style=\"--ratio: 900 \/ 900\" sizes=\"(max-width: 900px) 100vw, 900px\" alt=\"\" width=\"900\" height=\"900\"  \/><span class=\"gallery-rollover\"><span class=\"gallery-zoom-ico icomoon-the7-font-the7-zoom-06\"><span><\/span><\/span><\/span><\/a><\/figure><\/div><div data-post-id=\"3003\" data-date=\"2020-06-30T18:05:05-03:00\" data-name=\"morro-do-chapeu-golfe-clube-bosque-dos-bentevis-02\"><figure class=\"post\"><a href=\"https:\/\/www.morrodochapeu.com.br\/wp-content\/uploads\/2020\/06\/morro-do-chapeu-golfe-clube-bosque-dos-bentevis-02.jpg\" class=\"rollover dt-pswp-item layzr-bg\" data-large_image_width=\"1500\" data-large_image_height=\"900\" data-dt-img-description=\"\" title=\"morro-do-chapeu-golfe-clube-bosque-dos-bentevis-02\"><img decoding=\"async\" class=\"preload-me owl-lazy-load aspect\" src=\"data:image\/svg+xml,%3Csvg%20xmlns%3D&#39;http%3A%2F%2Fwww.w3.org%2F2000%2Fsvg&#39;%20viewBox%3D&#39;0%200%20900%20900&#39;%2F%3E\" data-src=\"https:\/\/www.morrodochapeu.com.br\/wp-content\/uploads\/2020\/06\/morro-do-chapeu-golfe-clube-bosque-dos-bentevis-02-900x900.jpg\" data-srcset=\"https:\/\/www.morrodochapeu.com.br\/wp-content\/uploads\/2020\/06\/morro-do-chapeu-golfe-clube-bosque-dos-bentevis-02-900x900.jpg 900w\" loading=\"eager\" style=\"--ratio: 900 \/ 900\" sizes=\"(max-width: 900px) 100vw, 900px\" alt=\"\" width=\"900\" height=\"900\"  \/><span class=\"gallery-rollover\"><span class=\"gallery-zoom-ico icomoon-the7-font-the7-zoom-06\"><span><\/span><\/span><\/span><\/a><\/figure><\/div><div data-post-id=\"3004\" data-date=\"2020-06-30T18:05:12-03:00\" data-name=\"morro-do-chapeu-golfe-clube-bosque-dos-bentevis-03\"><figure class=\"post\"><a href=\"https:\/\/www.morrodochapeu.com.br\/wp-content\/uploads\/2020\/06\/morro-do-chapeu-golfe-clube-bosque-dos-bentevis-03.jpg\" class=\"rollover dt-pswp-item layzr-bg\" data-large_image_width=\"1500\" data-large_image_height=\"900\" data-dt-img-description=\"\" title=\"morro-do-chapeu-golfe-clube-bosque-dos-bentevis-03\"><img decoding=\"async\" class=\"preload-me owl-lazy-load aspect\" src=\"data:image\/svg+xml,%3Csvg%20xmlns%3D&#39;http%3A%2F%2Fwww.w3.org%2F2000%2Fsvg&#39;%20viewBox%3D&#39;0%200%20900%20900&#39;%2F%3E\" data-src=\"https:\/\/www.morrodochapeu.com.br\/wp-content\/uploads\/2020\/06\/morro-do-chapeu-golfe-clube-bosque-dos-bentevis-03-900x900.jpg\" data-srcset=\"https:\/\/www.morrodochapeu.com.br\/wp-content\/uploads\/2020\/06\/morro-do-chapeu-golfe-clube-bosque-dos-bentevis-03-900x900.jpg 900w\" loading=\"eager\" style=\"--ratio: 900 \/ 900\" sizes=\"(max-width: 900px) 100vw, 900px\" alt=\"\" width=\"900\" height=\"900\"  \/><span class=\"gallery-rollover\"><span class=\"gallery-zoom-ico icomoon-the7-font-the7-zoom-06\"><span><\/span><\/span><\/span><\/a><\/figure><\/div><div data-post-id=\"3005\" data-date=\"2020-08-19T13:39:39-03:00\" data-name=\"morro-do-chapeu-bosque-dos-bem-te-vis-10\"><figure class=\"post\"><a href=\"https:\/\/www.morrodochapeu.com.br\/wp-content\/uploads\/2020\/08\/morro-do-chapeu-bosque-dos-bem-te-vis-10.jpg\" class=\"rollover dt-pswp-item layzr-bg\" data-large_image_width=\"1500\" data-large_image_height=\"900\" data-dt-img-description=\"\" title=\"morro-do-chapeu-bosque-dos-bem-te-vis-10\"><img decoding=\"async\" class=\"preload-me owl-lazy-load aspect\" src=\"data:image\/svg+xml,%3Csvg%20xmlns%3D&#39;http%3A%2F%2Fwww.w3.org%2F2000%2Fsvg&#39;%20viewBox%3D&#39;0%200%20900%20900&#39;%2F%3E\" data-src=\"https:\/\/www.morrodochapeu.com.br\/wp-content\/uploads\/2020\/08\/morro-do-chapeu-bosque-dos-bem-te-vis-10-900x900.jpg\" data-srcset=\"https:\/\/www.morrodochapeu.com.br\/wp-content\/uploads\/2020\/08\/morro-do-chapeu-bosque-dos-bem-te-vis-10-900x900.jpg 900w\" loading=\"eager\" style=\"--ratio: 900 \/ 900\" sizes=\"(max-width: 900px) 100vw, 900px\" alt=\"\" width=\"900\" height=\"900\"  \/><span class=\"gallery-rollover\"><span class=\"gallery-zoom-ico icomoon-the7-font-the7-zoom-06\"><span><\/span><\/span><\/span><\/a><\/figure><\/div><div data-post-id=\"3006\" data-date=\"2020-08-19T13:39:51-03:00\" data-name=\"morro-do-chapeu-bosque-dos-bem-te-vis-11\"><figure class=\"post\"><a href=\"https:\/\/www.morrodochapeu.com.br\/wp-content\/uploads\/2020\/08\/morro-do-chapeu-bosque-dos-bem-te-vis-11.jpg\" class=\"rollover dt-pswp-item layzr-bg\" data-large_image_width=\"1500\" data-large_image_height=\"900\" data-dt-img-description=\"\" title=\"morro-do-chapeu-bosque-dos-bem-te-vis-11\"><img decoding=\"async\" class=\"preload-me owl-lazy-load aspect\" src=\"data:image\/svg+xml,%3Csvg%20xmlns%3D&#39;http%3A%2F%2Fwww.w3.org%2F2000%2Fsvg&#39;%20viewBox%3D&#39;0%200%20900%20900&#39;%2F%3E\" data-src=\"https:\/\/www.morrodochapeu.com.br\/wp-content\/uploads\/2020\/08\/morro-do-chapeu-bosque-dos-bem-te-vis-11-900x900.jpg\" data-srcset=\"https:\/\/www.morrodochapeu.com.br\/wp-content\/uploads\/2020\/08\/morro-do-chapeu-bosque-dos-bem-te-vis-11-900x900.jpg 900w\" loading=\"eager\" style=\"--ratio: 900 \/ 900\" sizes=\"(max-width: 900px) 100vw, 900px\" alt=\"\" width=\"900\" height=\"900\"  \/><span class=\"gallery-rollover\"><span class=\"gallery-zoom-ico icomoon-the7-font-the7-zoom-06\"><span><\/span><\/span><\/span><\/a><\/figure><\/div><div data-post-id=\"3007\" data-date=\"2020-08-19T13:40:04-03:00\" data-name=\"morro-do-chapeu-bosque-dos-bem-te-vis-12\"><figure class=\"post\"><a href=\"https:\/\/www.morrodochapeu.com.br\/wp-content\/uploads\/2020\/08\/morro-do-chapeu-bosque-dos-bem-te-vis-12.jpg\" class=\"rollover dt-pswp-item layzr-bg\" data-large_image_width=\"1500\" data-large_image_height=\"900\" data-dt-img-description=\"\" title=\"morro-do-chapeu-bosque-dos-bem-te-vis-12\"><img decoding=\"async\" class=\"preload-me owl-lazy-load aspect\" src=\"data:image\/svg+xml,%3Csvg%20xmlns%3D&#39;http%3A%2F%2Fwww.w3.org%2F2000%2Fsvg&#39;%20viewBox%3D&#39;0%200%20900%20900&#39;%2F%3E\" data-src=\"https:\/\/www.morrodochapeu.com.br\/wp-content\/uploads\/2020\/08\/morro-do-chapeu-bosque-dos-bem-te-vis-12-900x900.jpg\" data-srcset=\"https:\/\/www.morrodochapeu.com.br\/wp-content\/uploads\/2020\/08\/morro-do-chapeu-bosque-dos-bem-te-vis-12-900x900.jpg 900w\" loading=\"eager\" style=\"--ratio: 900 \/ 900\" sizes=\"(max-width: 900px) 100vw, 900px\" alt=\"\" width=\"900\" height=\"900\"  \/><span class=\"gallery-rollover\"><span class=\"gallery-zoom-ico icomoon-the7-font-the7-zoom-06\"><span><\/span><\/span><\/span><\/a><\/figure><\/div><\/div>[vc_empty_space height=&#8221;40px&#8221;][\/vc_column][\/vc_row][vc_row][vc_column][vc_column_text]Designed by landscape artist and tourism expert Gilvanice Resende, along with a team of gardeners, Pra\u00e7a dos Bem-Te-Vis gave rise to another space that, together with Recanto da Ora\u00e7\u00e3o (Prayer Corner) and Pra\u00e7a de Contempla\u00e7\u00e3o (Contemplation Square) illustrate the \u201cpages of Morro\u2019s story\u201d.[\/vc_column_text][\/vc_column][\/vc_row][vc_row][vc_column][vc_empty_space height=&#8221;60px&#8221;][\/vc_column][\/vc_row][vc_row][vc_column][vc_column_text]<\/p>\n<div style=\"width: 1200px;\" class=\"wp-video\"><video class=\"wp-video-shortcode\" id=\"video-2999-1\" width=\"1200\" height=\"675\" poster=\"https:\/\/www.morrodochapeu.com.br\/wp-content\/uploads\/2020\/06\/morro-do-chapeu-golfe-clube-bosque-dos-bentevis-01.jpg\" preload=\"metadata\" controls=\"controls\"><source type=\"video\/mp4\" src=\"https:\/\/www.morrodochapeu.com.br\/wp-content\/uploads\/2020\/08\/BTVI.mp4?_=1\" \/><a href=\"https:\/\/www.morrodochapeu.com.br\/wp-content\/uploads\/2020\/08\/BTVI.mp4\">https:\/\/www.morrodochapeu.com.br\/wp-content\/uploads\/2020\/08\/BTVI.mp4<\/a><\/video><\/div>\n<p>[\/vc_column_text][\/vc_column][\/vc_row]<\/p>\n<\/div>","protected":false},"excerpt":{"rendered":"<p>[vc_row][vc_column css=&#8221;.vc_custom_1534969948411{margin-right: 20px !important;}&#8221;][vc_empty_space height=&#8221;30px&#8221;][vc_empty_space height=&#8221;40px&#8221;][\/vc_column][\/vc_row][vc_row][vc_column][vc_column_text]Designed by landscape artist and tourism expert Gilvanice Resende, along with a team of gardeners, Pra\u00e7a dos Bem-Te-Vis gave rise to another space that, together with Recanto da Ora\u00e7\u00e3o (Prayer Corner) and Pra\u00e7a de Contempla\u00e7\u00e3o (Contemplation Square) illustrate the \u201cpages of Morro\u2019s story\u201d.[\/vc_column_text][\/vc_column][\/vc_row][vc_row][vc_column][vc_empty_space height=&#8221;60px&#8221;][\/vc_column][\/vc_row][vc_row][vc_column][vc_column_text] [\/vc_column_text][\/vc_column][\/vc_row]<\/p>\n","protected":false},"author":1,"featured_media":0,"parent":0,"menu_order":0,"comment_status":"closed","ping_status":"open","template":"template-microsite.php","meta":{"footnotes":""},"class_list":["post-2999","page","type-page","status-publish","hentry","description-off"],"_links":{"self":[{"href":"https:\/\/www.morrodochapeu.com.br\/en\/wp-json\/wp\/v2\/pages\/2999","targetHints":{"allow":["GET"]}}],"collection":[{"href":"https:\/\/www.morrodochapeu.com.br\/en\/wp-json\/wp\/v2\/pages"}],"about":[{"href":"https:\/\/www.morrodochapeu.com.br\/en\/wp-json\/wp\/v2\/types\/page"}],"author":[{"embeddable":true,"href":"https:\/\/www.morrodochapeu.com.br\/en\/wp-json\/wp\/v2\/users\/1"}],"replies":[{"embeddable":true,"href":"https:\/\/www.morrodochapeu.com.br\/en\/wp-json\/wp\/v2\/comments?post=2999"}],"version-history":[{"count":1,"href":"https:\/\/www.morrodochapeu.com.br\/en\/wp-json\/wp\/v2\/pages\/2999\/revisions"}],"predecessor-version":[{"id":3000,"href":"https:\/\/www.morrodochapeu.com.br\/en\/wp-json\/wp\/v2\/pages\/2999\/revisions\/3000"}],"wp:attachment":[{"href":"https:\/\/www.morrodochapeu.com.br\/en\/wp-json\/wp\/v2\/media?parent=2999"}],"curies":[{"name":"wp","href":"https:\/\/api.w.org\/{rel}","templated":true}]}}