{"id":3052,"date":"2020-10-26T15:02:33","date_gmt":"2020-10-26T18:02:33","guid":{"rendered":"https:\/\/www.morrodochapeu.com.br\/?page_id=3052"},"modified":"2020-11-09T19:32:50","modified_gmt":"2020-11-09T21:32:50","slug":"grocery-store","status":"publish","type":"page","link":"https:\/\/www.morrodochapeu.com.br\/en\/grocery-store\/","title":{"rendered":"Grocery Store"},"content":{"rendered":"<div class=\"wpb-content-wrapper\"><p>[vc_row][vc_column css=&#8221;.vc_custom_1534969948411{margin-right: 20px !important;}&#8221;]<div class=\"dt-fancy-separator title-left h2-size style-disabled accent-title-color\" style=\"width: 100%;\"><div class=\"dt-fancy-title\"><span class=\"separator-holder separator-left\"><\/span>Grocery Store<span class=\"separator-holder separator-right\"><\/span><\/div><\/div>[vc_empty_space height=&#8221;30px&#8221;]<style type=\"text\/css\" data-type=\"the7_shortcodes-inline-css\">.gallery-carousel-shortcode.gallery-carousel-shortcode-id-880f3001ede907c906db64887ad57835.owl-carousel .owl-nav div {\n  width: 25px;\n  height: 25px;\n  border-radius: 500px;\n}\n.dt-arrow-border-on.gallery-carousel-shortcode.gallery-carousel-shortcode-id-880f3001ede907c906db64887ad57835.owl-carousel .owl-nav div:not(:hover):before {\n  border-width: 0px;\n}\n.dt-arrow-hover-border-on.gallery-carousel-shortcode.gallery-carousel-shortcode-id-880f3001ede907c906db64887ad57835.owl-carousel .owl-nav div:hover:after {\n  border-width: 0px;\n}\n.gallery-carousel-shortcode.gallery-carousel-shortcode-id-880f3001ede907c906db64887ad57835.owl-carousel .owl-nav div.owl-prev {\n  top: 50%;\n  transform: translateY(calc(-50% + 0px));\n  left: -43px;\n}\n@media all and (-ms-high-contrast: none) {\n  .gallery-carousel-shortcode.gallery-carousel-shortcode-id-880f3001ede907c906db64887ad57835.owl-carousel .owl-nav div.owl-prev {\n    transform: translateY(-50%);\n    margin-top: 0px;\n  }\n}\n.gallery-carousel-shortcode.gallery-carousel-shortcode-id-880f3001ede907c906db64887ad57835.owl-carousel .owl-nav div.owl-prev i {\n  padding: 0px 0px 0px 0px;\n}\n.gallery-carousel-shortcode.gallery-carousel-shortcode-id-880f3001ede907c906db64887ad57835.owl-carousel .owl-nav div.owl-next {\n  top: 50%;\n  transform: translateY(calc(-50% + 0px));\n  right: -43px;\n}\n@media all and (-ms-high-contrast: none) {\n  .gallery-carousel-shortcode.gallery-carousel-shortcode-id-880f3001ede907c906db64887ad57835.owl-carousel .owl-nav div.owl-next {\n    transform: translateY(-50%);\n    margin-top: 0px;\n  }\n}\n.gallery-carousel-shortcode.gallery-carousel-shortcode-id-880f3001ede907c906db64887ad57835.owl-carousel .owl-nav div.owl-next i {\n  padding: 0px 0px 0px 0px;\n}\n.gallery-carousel-shortcode.gallery-carousel-shortcode-id-880f3001ede907c906db64887ad57835.owl-carousel .owl-nav i {\n  font-size: 12px;\n}\n.gallery-carousel-shortcode.gallery-carousel-shortcode-id-880f3001ede907c906db64887ad57835.owl-carousel .owl-nav div:not(:hover) i,\n.gallery-carousel-shortcode.gallery-carousel-shortcode-id-880f3001ede907c906db64887ad57835.owl-carousel .owl-nav div:not(:hover) i:before {\n  color: #ffffff;\n  background: none;\n}\n.gallery-carousel-shortcode.gallery-carousel-shortcode-id-880f3001ede907c906db64887ad57835.owl-carousel .owl-nav div:hover i,\n.gallery-carousel-shortcode.gallery-carousel-shortcode-id-880f3001ede907c906db64887ad57835.owl-carousel .owl-nav div:hover i:before {\n  color: rgba(255,255,255,0.75);\n  background: none;\n}\n.gallery-carousel-shortcode.gallery-carousel-shortcode-id-880f3001ede907c906db64887ad57835 .owl-dots {\n  top: calc(100% + 20px);\n  left: 50%;\n  transform: translateX(calc(-50% + 0px));\n}\n@media all and (-ms-high-contrast: none) {\n  .gallery-carousel-shortcode.gallery-carousel-shortcode-id-880f3001ede907c906db64887ad57835 .owl-dots {\n    transform: translateX(-50%);\n    margin-left: 0px;\n  }\n}\n.gallery-carousel-shortcode.gallery-carousel-shortcode-id-880f3001ede907c906db64887ad57835 .owl-dot {\n  width: 10px;\n  height: 10px;\n  margin: 0 8px;\n}\n@media screen and (max-width: 778px) {\n  .gallery-carousel-shortcode.gallery-carousel-shortcode-id-880f3001ede907c906db64887ad57835.hide-arrows .owl-nav a {\n    display: none;\n  }\n}\n@media screen and (max-width: 778px) {\n  .gallery-carousel-shortcode.gallery-carousel-shortcode-id-880f3001ede907c906db64887ad57835.reposition-arrows .owl-nav .owl-prev {\n    top: 50%;\n    transform: translateY(calc(-50% + 0px));\n    left: 10px;\n  }\n  .gallery-carousel-shortcode.gallery-carousel-shortcode-id-880f3001ede907c906db64887ad57835.reposition-arrows .owl-nav .owl-next {\n    top: 50%;\n    transform: translateY(calc(-50% + 0px));\n    right: 10px;\n  }\n}\n@media screen and (max-width: 778px) and all and (-ms-high-contrast: none) {\n  .gallery-carousel-shortcode.gallery-carousel-shortcode-id-880f3001ede907c906db64887ad57835.reposition-arrows .owl-nav .owl-prev {\n    transform: translateY(-50%);\n    margin-top: 0px;\n  }\n}\n@media screen and (max-width: 778px) and all and (-ms-high-contrast: none) {\n  .gallery-carousel-shortcode.gallery-carousel-shortcode-id-880f3001ede907c906db64887ad57835.reposition-arrows .owl-nav .owl-next {\n    transform: translateY(-50%);\n    margin-top: 0px;\n  }\n}\n.gallery-carousel-shortcode.gallery-carousel-shortcode-id-880f3001ede907c906db64887ad57835 figure,\n.gallery-carousel-shortcode.gallery-carousel-shortcode-id-880f3001ede907c906db64887ad57835 .rollover,\n.gallery-carousel-shortcode.gallery-carousel-shortcode-id-880f3001ede907c906db64887ad57835 img,\n.gallery-carousel-shortcode.gallery-carousel-shortcode-id-880f3001ede907c906db64887ad57835 .gallery-rollover {\n  border-radius: 0px;\n}\n.gallery-carousel-shortcode.gallery-carousel-shortcode-id-880f3001ede907c906db64887ad57835.enable-bg-rollover .gallery-rollover {\n  background: -webkit-linear-gradient();\n  background: linear-gradient();\n}\n.gallery-carousel-shortcode.gallery-carousel-shortcode-id-880f3001ede907c906db64887ad57835.enable-img-shadow .owl-stage-outer {\n  padding: 4px 0;\n}\n.gallery-carousel-shortcode.gallery-carousel-shortcode-id-880f3001ede907c906db64887ad57835.enable-bg-rollover.hover-scale figure .rollover:after {\n  background: -webkit-linear-gradient();\n  background: linear-gradient();\n}\n.gallery-carousel-shortcode.gallery-carousel-shortcode-id-880f3001ede907c906db64887ad57835.gallery-shortcode .gallery-zoom-ico {\n  width: 44px;\n  height: 44px;\n  line-height: 44px;\n  border-radius: 100px;\n  margin: -22px 0 0 -22px;\n  border-width: 0px;\n}\n.dt-icon-bg-on.gallery-carousel-shortcode.gallery-carousel-shortcode-id-880f3001ede907c906db64887ad57835.gallery-shortcode .gallery-zoom-ico {\n  background: rgba(255,255,255,0.3);\n  box-shadow: none;\n}\n.gallery-carousel-shortcode.gallery-carousel-shortcode-id-880f3001ede907c906db64887ad57835.gallery-shortcode .gallery-zoom-ico:before,\n.gallery-carousel-shortcode.gallery-carousel-shortcode-id-880f3001ede907c906db64887ad57835.gallery-shortcode .gallery-zoom-ico span {\n  font-size: 32px;\n  line-height: 44px;\n  color: #ffffff;\n  background: none;\n}\n<\/style><div class=\"owl-carousel gallery-carousel-shortcode gallery-shortcode  dt-gallery-container dt-owl-carousel-call gallery-carousel-shortcode-id-880f3001ede907c906db64887ad57835 quick-scale-img enable-bg-rollover meta-info-off dt-arrow-border-on dt-arrow-hover-border-on bullets-small-dot-stroke reposition-arrows dt-icon-bg-off arrows-bg-on disable-arrows-hover-bg arrows-hover-bg-on  hover-fade \" data-scroll-mode=\"1\" data-col-num=\"3\" data-wide-col-num=\"3\" data-laptop-col=\"2\" data-h-tablet-columns-num=\"2\" data-v-tablet-columns-num=\"2\" data-phone-columns-num=\"1\" data-col-gap=\"0\" data-stage-padding=\"0\" data-speed=\"300\" data-autoplay=\"true\" data-autoplay_speed=\"3000\" data-arrows=\"true\" data-bullet=\"false\" data-next-icon=\"icon-ar-017-r\" data-prev-icon=\"icon-ar-017-l\" data-img-shadow-size=\"12px\" data-img-shadow-spread=\"3px\"><div data-post-id=\"3053\" data-date=\"2018-09-03T10:35:17-03:00\" data-name=\"morro-do-chapeu-mercearia\"><figure class=\"post\"><a href=\"https:\/\/www.morrodochapeu.com.br\/wp-content\/uploads\/2018\/09\/morro-do-chapeu-mercearia.jpg\" class=\"rollover dt-pswp-item layzr-bg\" data-large_image_width=\"1500\" data-large_image_height=\"900\" data-dt-img-description=\"\" title=\"morro-do-chapeu-mercearia\"><img fetchpriority=\"high\" decoding=\"async\" class=\"preload-me owl-lazy-load aspect\" src=\"data:image\/svg+xml,%3Csvg%20xmlns%3D&#39;http%3A%2F%2Fwww.w3.org%2F2000%2Fsvg&#39;%20viewBox%3D&#39;0%200%20900%20900&#39;%2F%3E\" data-src=\"https:\/\/www.morrodochapeu.com.br\/wp-content\/uploads\/2018\/09\/morro-do-chapeu-mercearia-900x900.jpg\" data-srcset=\"https:\/\/www.morrodochapeu.com.br\/wp-content\/uploads\/2018\/09\/morro-do-chapeu-mercearia-900x900.jpg 900w\" loading=\"eager\" style=\"--ratio: 900 \/ 900\" sizes=\"(max-width: 900px) 100vw, 900px\" alt=\"\" width=\"900\" height=\"900\"  \/><span class=\"gallery-rollover\"><span class=\"gallery-zoom-ico icomoon-the7-font-the7-zoom-06\"><span><\/span><\/span><\/span><\/a><\/figure><\/div><div data-post-id=\"3054\" data-date=\"2018-09-03T10:35:19-03:00\" data-name=\"morro-do-chapeu-mercearia-1\"><figure class=\"post\"><a href=\"https:\/\/www.morrodochapeu.com.br\/wp-content\/uploads\/2018\/09\/morro-do-chapeu-mercearia-1.jpg\" class=\"rollover dt-pswp-item layzr-bg\" data-large_image_width=\"1500\" data-large_image_height=\"900\" data-dt-img-description=\"\" title=\"morro-do-chapeu-mercearia-1\"><img decoding=\"async\" class=\"preload-me owl-lazy-load aspect\" src=\"data:image\/svg+xml,%3Csvg%20xmlns%3D&#39;http%3A%2F%2Fwww.w3.org%2F2000%2Fsvg&#39;%20viewBox%3D&#39;0%200%20900%20900&#39;%2F%3E\" data-src=\"https:\/\/www.morrodochapeu.com.br\/wp-content\/uploads\/2018\/09\/morro-do-chapeu-mercearia-1-900x900.jpg\" data-srcset=\"https:\/\/www.morrodochapeu.com.br\/wp-content\/uploads\/2018\/09\/morro-do-chapeu-mercearia-1-900x900.jpg 900w\" loading=\"eager\" style=\"--ratio: 900 \/ 900\" sizes=\"(max-width: 900px) 100vw, 900px\" alt=\"\" width=\"900\" height=\"900\"  \/><span class=\"gallery-rollover\"><span class=\"gallery-zoom-ico icomoon-the7-font-the7-zoom-06\"><span><\/span><\/span><\/span><\/a><\/figure><\/div><div data-post-id=\"3055\" data-date=\"2018-09-03T10:35:22-03:00\" data-name=\"morro-do-chapeu-mercearia-2\"><figure class=\"post\"><a href=\"https:\/\/www.morrodochapeu.com.br\/wp-content\/uploads\/2018\/09\/morro-do-chapeu-mercearia-2.jpg\" class=\"rollover dt-pswp-item layzr-bg\" data-large_image_width=\"1500\" data-large_image_height=\"900\" data-dt-img-description=\"\" title=\"morro-do-chapeu-mercearia-2\"><img decoding=\"async\" class=\"preload-me owl-lazy-load aspect\" src=\"data:image\/svg+xml,%3Csvg%20xmlns%3D&#39;http%3A%2F%2Fwww.w3.org%2F2000%2Fsvg&#39;%20viewBox%3D&#39;0%200%20900%20900&#39;%2F%3E\" data-src=\"https:\/\/www.morrodochapeu.com.br\/wp-content\/uploads\/2018\/09\/morro-do-chapeu-mercearia-2-900x900.jpg\" data-srcset=\"https:\/\/www.morrodochapeu.com.br\/wp-content\/uploads\/2018\/09\/morro-do-chapeu-mercearia-2-900x900.jpg 900w\" loading=\"eager\" style=\"--ratio: 900 \/ 900\" sizes=\"(max-width: 900px) 100vw, 900px\" alt=\"\" width=\"900\" height=\"900\"  \/><span class=\"gallery-rollover\"><span class=\"gallery-zoom-ico icomoon-the7-font-the7-zoom-06\"><span><\/span><\/span><\/span><\/a><\/figure><\/div><\/div>[vc_empty_space height=&#8221;40px&#8221;][vc_column_text]Located in Pra\u00e7a do Com\u00e9rcio and attached to the Sports Center and Cherry Tree Park, the Morro do Chap\u00e9u grocery store offers a wide variety of beverages, chocolates, meat, cookies, frozen food, cold cuts, dairy products, cleaning products, and much more. Everything to make your life more practical and savory!<\/p>\n<p>Stop by and see us.[\/vc_column_text][\/vc_column][\/vc_row][vc_row][vc_column width=&#8221;1\/2&#8243;][vc_empty_space height=&#8221;60px&#8221;]<div class=\"dt-fancy-separator title-left h3-size accent-title-color\" style=\"width: 100%;\"><div class=\"dt-fancy-title\"><span class=\"separator-holder separator-left\"><\/span>Hours<span class=\"separator-holder separator-right\"><\/span><\/div><\/div>[vc_empty_space height=&#8221;30px&#8221;]<div class=\"standard-arrow list-divider bullet-top\"><ul>\n<li><strong>Monday to Friday:<\/strong> 8:00 am to 8:30 pm<\/li>\n<li><strong>Saturday:<\/strong>\u00a008:00 am to 19:00 pm<\/li>\n<li><strong>Sunday and holidays:<\/strong> 08:00 am to 17:30 pm<\/li>\n<li><strong>Phone: <\/strong>3547-4581<\/li>\n<\/ul>\n<\/div>[\/vc_column][vc_column width=&#8221;1\/2&#8243;][\/vc_column][\/vc_row]<\/p>\n<\/div>","protected":false},"excerpt":{"rendered":"<p>[vc_row][vc_column css=&#8221;.vc_custom_1534969948411{margin-right: 20px !important;}&#8221;][vc_empty_space height=&#8221;30px&#8221;][vc_empty_space height=&#8221;40px&#8221;][vc_column_text]Located in Pra\u00e7a do Com\u00e9rcio and attached to the Sports Center and Cherry Tree Park, the Morro do Chap\u00e9u grocery store offers a wide variety of beverages, chocolates, meat, cookies, frozen food, cold cuts, dairy products, cleaning products, and much more. Everything to make your life more practical and savory!&hellip;<\/p>\n","protected":false},"author":1,"featured_media":0,"parent":0,"menu_order":0,"comment_status":"closed","ping_status":"open","template":"template-microsite.php","meta":{"footnotes":""},"class_list":["post-3052","page","type-page","status-publish","hentry","description-off"],"_links":{"self":[{"href":"https:\/\/www.morrodochapeu.com.br\/en\/wp-json\/wp\/v2\/pages\/3052","targetHints":{"allow":["GET"]}}],"collection":[{"href":"https:\/\/www.morrodochapeu.com.br\/en\/wp-json\/wp\/v2\/pages"}],"about":[{"href":"https:\/\/www.morrodochapeu.com.br\/en\/wp-json\/wp\/v2\/types\/page"}],"author":[{"embeddable":true,"href":"https:\/\/www.morrodochapeu.com.br\/en\/wp-json\/wp\/v2\/users\/1"}],"replies":[{"embeddable":true,"href":"https:\/\/www.morrodochapeu.com.br\/en\/wp-json\/wp\/v2\/comments?post=3052"}],"version-history":[{"count":1,"href":"https:\/\/www.morrodochapeu.com.br\/en\/wp-json\/wp\/v2\/pages\/3052\/revisions"}],"predecessor-version":[{"id":3056,"href":"https:\/\/www.morrodochapeu.com.br\/en\/wp-json\/wp\/v2\/pages\/3052\/revisions\/3056"}],"wp:attachment":[{"href":"https:\/\/www.morrodochapeu.com.br\/en\/wp-json\/wp\/v2\/media?parent=3052"}],"curies":[{"name":"wp","href":"https:\/\/api.w.org\/{rel}","templated":true}]}}