{"id":3195,"date":"2020-10-26T17:36:03","date_gmt":"2020-10-26T20:36:03","guid":{"rendered":"https:\/\/www.morrodochapeu.com.br\/?page_id=3195"},"modified":"2020-11-09T21:27:27","modified_gmt":"2020-11-09T23:27:27","slug":"hole-in-one","status":"publish","type":"page","link":"https:\/\/www.morrodochapeu.com.br\/en\/hole-in-one\/","title":{"rendered":"Hole in One"},"content":{"rendered":"<div class=\"wpb-content-wrapper\"><p>[vc_row][vc_column css=&#8221;.vc_custom_1534969948411{margin-right: 20px !important;}&#8221;]<div class=\"dt-fancy-separator title-left h2-size style-disabled accent-title-color\" style=\"width: 100%;\"><div class=\"dt-fancy-title\"><span class=\"separator-holder separator-left\"><\/span>Hole in One<span class=\"separator-holder separator-right\"><\/span><\/div><\/div>[vc_empty_space height=&#8221;30px&#8221;][vc_column_text]A hole in one is a play in which the golfer hits the ball in the hole with just one stroke.<br \/>\nThis &#8220;perfect shot&#8221; is less difficult to achieve on &#8220;par 3&#8243; holes. However, it can happen even on par 4 holes.<br \/>\nWe, at Morro do Chap\u00e9u, applaud golfers who manage to accomplish this astonishing feat.<br \/>\nWe pay tribute to them with the painting \u201cThe Hole in One Club\u201d located in our clubhouse<br \/>\n[\/vc_column_text][\/vc_column][\/vc_row][vc_row][vc_column][vc_empty_space height=&#8221;30px&#8221;][vc_column_text]\n<table id=\"tablepress-2\" class=\"tablepress tablepress-id-2\">\n<thead>\n<tr class=\"row-1\">\n\t<th class=\"column-1\">QTY<\/th><th class=\"column-2\">DATE<\/th><th class=\"column-3\">NAME<\/th><th class=\"column-4\">HOLE<\/th><th class=\"column-5\">YARDS <\/th>\n<\/tr>\n<\/thead>\n<tbody class=\"row-striping row-hover\">\n<tr class=\"row-2\">\n\t<td class=\"column-1\">1<\/td><td class=\"column-2\">8\/4\/82<\/td><td class=\"column-3\">Thomas Kosfeld<\/td><td class=\"column-4\">4<\/td><td class=\"column-5\">187<\/td>\n<\/tr>\n<tr class=\"row-3\">\n\t<td class=\"column-1\">2<\/td><td class=\"column-2\">10\/24\/86<\/td><td class=\"column-3\">Haruji Miura<\/td><td class=\"column-4\">4<\/td><td class=\"column-5\">189<\/td>\n<\/tr>\n<tr class=\"row-4\">\n\t<td class=\"column-1\">3<\/td><td class=\"column-2\">3\/1\/87<\/td><td class=\"column-3\">Hiroko Honjo, Sra.\t<\/td><td class=\"column-4\">7<\/td><td class=\"column-5\">147<\/td>\n<\/tr>\n<tr class=\"row-5\">\n\t<td class=\"column-1\">4<\/td><td class=\"column-2\">7\/26\/87<\/td><td class=\"column-3\">Mitsuko Morita, Sra.<\/td><td class=\"column-4\">4<\/td><td class=\"column-5\">142<\/td>\n<\/tr>\n<tr class=\"row-6\">\n\t<td class=\"column-1\">5<\/td><td class=\"column-2\">2\/8\/90<\/td><td class=\"column-3\">Goran Wallgren<\/td><td class=\"column-4\">6<\/td><td class=\"column-5\">177<\/td>\n<\/tr>\n<tr class=\"row-7\">\n\t<td class=\"column-1\">6<\/td><td class=\"column-2\">3\/14\/90<\/td><td class=\"column-3\">Ad\u00e3o Sales de Sant'Ana<\/td><td class=\"column-4\">7<\/td><td class=\"column-5\">176<\/td>\n<\/tr>\n<tr class=\"row-8\">\n\t<td class=\"column-1\">7<\/td><td class=\"column-2\">4\/21\/90<\/td><td class=\"column-3\">Geraldo Corr\u00eaa Filho<\/td><td class=\"column-4\">4<\/td><td class=\"column-5\">189<\/td>\n<\/tr>\n<tr class=\"row-9\">\n\t<td class=\"column-1\">8<\/td><td class=\"column-2\">9\/7\/97<\/td><td class=\"column-3\">Jung Sung Lee<\/td><td class=\"column-4\">7<\/td><td class=\"column-5\">169<\/td>\n<\/tr>\n<tr class=\"row-10\">\n\t<td class=\"column-1\">9<\/td><td class=\"column-2\">7\/9\/99<\/td><td class=\"column-3\">Baha Lee<\/td><td class=\"column-4\">6<\/td><td class=\"column-5\">198<\/td>\n<\/tr>\n<tr class=\"row-11\">\n\t<td class=\"column-1\">10<\/td><td class=\"column-2\">10\/15\/99<\/td><td class=\"column-3\">Fernando Del Vigna<\/td><td class=\"column-4\">4<\/td><td class=\"column-5\">189<\/td>\n<\/tr>\n<tr class=\"row-12\">\n\t<td class=\"column-1\">11<\/td><td class=\"column-2\">1\/4\/00<\/td><td class=\"column-3\">Marcos Passaglia<\/td><td class=\"column-4\">7<\/td><td class=\"column-5\">169<\/td>\n<\/tr>\n<tr class=\"row-13\">\n\t<td class=\"column-1\">12<\/td><td class=\"column-2\">9\/7\/00<\/td><td class=\"column-3\">Marcus Viana Botelho<\/td><td class=\"column-4\">4<\/td><td class=\"column-5\">189<\/td>\n<\/tr>\n<tr class=\"row-14\">\n\t<td class=\"column-1\">13<\/td><td class=\"column-2\">11\/9\/00<\/td><td class=\"column-3\">Eduardo Avelar Fonseca<\/td><td class=\"column-4\">15<\/td><td class=\"column-5\">177<\/td>\n<\/tr>\n<tr class=\"row-15\">\n\t<td class=\"column-1\">14<\/td><td class=\"column-2\">2\/25\/01<\/td><td class=\"column-3\">Takeshi Katsuki<\/td><td class=\"column-4\">7<\/td><td class=\"column-5\">147<\/td>\n<\/tr>\n<tr class=\"row-16\">\n\t<td class=\"column-1\">15<\/td><td class=\"column-2\">6\/3\/01<\/td><td class=\"column-3\">Eduardo Coelho Pires<\/td><td class=\"column-4\">6<\/td><td class=\"column-5\">198<\/td>\n<\/tr>\n<tr class=\"row-17\">\n\t<td class=\"column-1\">16<\/td><td class=\"column-2\">6\/21\/01<\/td><td class=\"column-3\">Geraldo Rocha de Brito<\/td><td class=\"column-4\">7<\/td><td class=\"column-5\">169<\/td>\n<\/tr>\n<tr class=\"row-18\">\n\t<td class=\"column-1\">17<\/td><td class=\"column-2\">8\/25\/01<\/td><td class=\"column-3\">Fernando Pavan\t<\/td><td class=\"column-4\">16<\/td><td class=\"column-5\">169<\/td>\n<\/tr>\n<tr class=\"row-19\">\n\t<td class=\"column-1\">18<\/td><td class=\"column-2\">10\/20\/01<\/td><td class=\"column-3\">Jung Sung Lee\t<\/td><td class=\"column-4\">4<\/td><td class=\"column-5\">189<\/td>\n<\/tr>\n<tr class=\"row-20\">\n\t<td class=\"column-1\">19<\/td><td class=\"column-2\">11\/2\/01\t<\/td><td class=\"column-3\">Pierre Paradis\t<\/td><td class=\"column-4\">6\t<\/td><td class=\"column-5\">198<\/td>\n<\/tr>\n<tr class=\"row-21\">\n\t<td class=\"column-1\">20<\/td><td class=\"column-2\">7\/9\/02<\/td><td class=\"column-3\">Eduardo Coelho Pires<\/td><td class=\"column-4\">6<\/td><td class=\"column-5\">198<\/td>\n<\/tr>\n<tr class=\"row-22\">\n\t<td class=\"column-1\">21<\/td><td class=\"column-2\">11\/30\/02<\/td><td class=\"column-3\">Marcos Passaglia<\/td><td class=\"column-4\">13<\/td><td class=\"column-5\">141<\/td>\n<\/tr>\n<tr class=\"row-23\">\n\t<td class=\"column-1\">22<\/td><td class=\"column-2\">12\/4\/02<\/td><td class=\"column-3\">Roberto Luiz Marino<\/td><td class=\"column-4\">7<\/td><td class=\"column-5\">169<\/td>\n<\/tr>\n<tr class=\"row-24\">\n\t<td class=\"column-1\">23<\/td><td class=\"column-2\">12\/11\/02<\/td><td class=\"column-3\">Jos\u00e9 Fernandes Renn\u00f3<\/td><td class=\"column-4\">7<\/td><td class=\"column-5\">147<\/td>\n<\/tr>\n<tr class=\"row-25\">\n\t<td class=\"column-1\">24<\/td><td class=\"column-2\">1\/12\/03<\/td><td class=\"column-3\">Geraldo Rocha de Brito<\/td><td class=\"column-4\">4\t<\/td><td class=\"column-5\">151<\/td>\n<\/tr>\n<tr class=\"row-26\">\n\t<td class=\"column-1\">25<\/td><td class=\"column-2\">3\/24\/03<\/td><td class=\"column-3\">Francisco Assis R. Mattos\t<\/td><td class=\"column-4\">7\t<\/td><td class=\"column-5\">169<\/td>\n<\/tr>\n<tr class=\"row-27\">\n\t<td class=\"column-1\">26<\/td><td class=\"column-2\">4\/13\/03<\/td><td class=\"column-3\">Paulo Hong<\/td><td class=\"column-4\">4<\/td><td class=\"column-5\">151<\/td>\n<\/tr>\n<tr class=\"row-28\">\n\t<td class=\"column-1\">27<\/td><td class=\"column-2\">5\/13\/03<\/td><td class=\"column-3\">Oscar Corr\u00eaa Junior<\/td><td class=\"column-4\">4<\/td><td class=\"column-5\">151<\/td>\n<\/tr>\n<tr class=\"row-29\">\n\t<td class=\"column-1\">28<\/td><td class=\"column-2\">7\/19\/03<\/td><td class=\"column-3\">Marcus Viana Botelho<\/td><td class=\"column-4\">7<\/td><td class=\"column-5\">151<\/td>\n<\/tr>\n<tr class=\"row-30\">\n\t<td class=\"column-1\">29<\/td><td class=\"column-2\">9\/6\/03<\/td><td class=\"column-3\">John Mueller<\/td><td class=\"column-4\">4<\/td><td class=\"column-5\">151<\/td>\n<\/tr>\n<tr class=\"row-31\">\n\t<td class=\"column-1\">30<\/td><td class=\"column-2\">4\/4\/04<\/td><td class=\"column-3\">Bruno kim<\/td><td class=\"column-4\">6<\/td><td class=\"column-5\">198<\/td>\n<\/tr>\n<tr class=\"row-32\">\n\t<td class=\"column-1\">31<\/td><td class=\"column-2\">6\/14\/04<\/td><td class=\"column-3\">Fran\u00e7ois Moyen<\/td><td class=\"column-4\">7<\/td><td class=\"column-5\">169<\/td>\n<\/tr>\n<tr class=\"row-33\">\n\t<td class=\"column-1\">32<\/td><td class=\"column-2\">8\/5\/04<\/td><td class=\"column-3\">Yoshihiro Morita<\/td><td class=\"column-4\">4<\/td><td class=\"column-5\">151<\/td>\n<\/tr>\n<tr class=\"row-34\">\n\t<td class=\"column-1\">33<\/td><td class=\"column-2\">10\/17\/04<\/td><td class=\"column-3\">Marcos Passaglia<\/td><td class=\"column-4\">4<\/td><td class=\"column-5\">151<\/td>\n<\/tr>\n<tr class=\"row-35\">\n\t<td class=\"column-1\">34<\/td><td class=\"column-2\">11\/13\/04<\/td><td class=\"column-3\">Eduardo Coelho Pires<\/td><td class=\"column-4\">6<\/td><td class=\"column-5\">198<\/td>\n<\/tr>\n<tr class=\"row-36\">\n\t<td class=\"column-1\">35<\/td><td class=\"column-2\">2\/24\/05<\/td><td class=\"column-3\">Ad\u00e3o Sales de Sant'Ana<\/td><td class=\"column-4\">4<\/td><td class=\"column-5\">141<\/td>\n<\/tr>\n<tr class=\"row-37\">\n\t<td class=\"column-1\">36<\/td><td class=\"column-2\">6\/8\/05<\/td><td class=\"column-3\">Celso Eduardo S. Lima<\/td><td class=\"column-4\">4<\/td><td class=\"column-5\">151<\/td>\n<\/tr>\n<tr class=\"row-38\">\n\t<td class=\"column-1\">37<\/td><td class=\"column-2\">6\/8\/05<\/td><td class=\"column-3\">Maury Fonseca Bastos<\/td><td class=\"column-4\">4<\/td><td class=\"column-5\">151<\/td>\n<\/tr>\n<tr class=\"row-39\">\n\t<td class=\"column-1\">38<\/td><td class=\"column-2\">6\/19\/05<\/td><td class=\"column-3\">Jerry Lin<\/td><td class=\"column-4\">7<\/td><td class=\"column-5\">169<\/td>\n<\/tr>\n<tr class=\"row-40\">\n\t<td class=\"column-1\">39<\/td><td class=\"column-2\">8\/7\/05<\/td><td class=\"column-3\">Francisco Assis R. Mattos<\/td><td class=\"column-4\">7<\/td><td class=\"column-5\">169<\/td>\n<\/tr>\n<tr class=\"row-41\">\n\t<td class=\"column-1\">40<\/td><td class=\"column-2\">2\/5\/06<\/td><td class=\"column-3\">Fernando Kim<\/td><td class=\"column-4\">15<\/td><td class=\"column-5\">180<\/td>\n<\/tr>\n<tr class=\"row-42\">\n\t<td class=\"column-1\">41<\/td><td class=\"column-2\">3\/5\/06<\/td><td class=\"column-3\">Tereza Lee<\/td><td class=\"column-4\">4<\/td><td class=\"column-5\">142<\/td>\n<\/tr>\n<tr class=\"row-43\">\n\t<td class=\"column-1\">42<\/td><td class=\"column-2\">3\/19\/06<\/td><td class=\"column-3\">Francisco Assis R. Mattos<\/td><td class=\"column-4\">7<\/td><td class=\"column-5\">169<\/td>\n<\/tr>\n<tr class=\"row-44\">\n\t<td class=\"column-1\">43<\/td><td class=\"column-2\">4\/22\/06<\/td><td class=\"column-3\">Marcos de Freitas Santos<\/td><td class=\"column-4\">4<\/td><td class=\"column-5\">151<\/td>\n<\/tr>\n<tr class=\"row-45\">\n\t<td class=\"column-1\">44<\/td><td class=\"column-2\">9\/22\/07<\/td><td class=\"column-3\">Carla Johanna S. Kurrle<\/td><td class=\"column-4\">16<\/td><td class=\"column-5\">147<\/td>\n<\/tr>\n<tr class=\"row-46\">\n\t<td class=\"column-1\">45<\/td><td class=\"column-2\">5\/10\/08<\/td><td class=\"column-3\">Paulo Dias do Nascimento<\/td><td class=\"column-4\">4<\/td><td class=\"column-5\">151<\/td>\n<\/tr>\n<tr class=\"row-47\">\n\t<td class=\"column-1\">46<\/td><td class=\"column-2\">9\/5\/08<\/td><td class=\"column-3\">Maur\u00edlio Anuncia\u00e7\u00e3o Le\u00e3o<\/td><td class=\"column-4\">4<\/td><td class=\"column-5\">151<\/td>\n<\/tr>\n<tr class=\"row-48\">\n\t<td class=\"column-1\">47<\/td><td class=\"column-2\">10\/31\/08<\/td><td class=\"column-3\">Ernani T. Siqueira Filho<\/td><td class=\"column-4\">3<\/td><td class=\"column-5\">172<\/td>\n<\/tr>\n<tr class=\"row-49\">\n\t<td class=\"column-1\">48<\/td><td class=\"column-2\">12\/31\/08<\/td><td class=\"column-3\">Maur\u00edlio Anuncia\u00e7\u00e3o Le\u00e3o<\/td><td class=\"column-4\">7<\/td><td class=\"column-5\">176<\/td>\n<\/tr>\n<tr class=\"row-50\">\n\t<td class=\"column-1\">49<\/td><td class=\"column-2\">5\/17\/09<\/td><td class=\"column-3\">Hisao Takashima<\/td><td class=\"column-4\">6<\/td><td class=\"column-5\">203<\/td>\n<\/tr>\n<tr class=\"row-51\">\n\t<td class=\"column-1\">50<\/td><td class=\"column-2\">9\/16\/09<\/td><td class=\"column-3\">Breno Augusto F. Tinoco<\/td><td class=\"column-4\">7<\/td><td class=\"column-5\">182<\/td>\n<\/tr>\n<tr class=\"row-52\">\n\t<td class=\"column-1\">51<\/td><td class=\"column-2\">10\/10\/09<\/td><td class=\"column-3\">Maria Ign\u00eas R. M. Gon\u00e7alves<\/td><td class=\"column-4\">3<\/td><td class=\"column-5\">126<\/td>\n<\/tr>\n<tr class=\"row-53\">\n\t<td class=\"column-1\">52<\/td><td class=\"column-2\">1\/29\/11<\/td><td class=\"column-3\">Hidenori Kinugasa<\/td><td class=\"column-4\">3<\/td><td class=\"column-5\">172<\/td>\n<\/tr>\n<tr class=\"row-54\">\n\t<td class=\"column-1\">53<\/td><td class=\"column-2\">2\/18\/11<\/td><td class=\"column-3\">Hector R. Ariza Dias<\/td><td class=\"column-4\">3<\/td><td class=\"column-5\">172<\/td>\n<\/tr>\n<tr class=\"row-55\">\n\t<td class=\"column-1\">54<\/td><td class=\"column-2\">1\/22\/12<\/td><td class=\"column-3\">Richard L. Pearce Junior<\/td><td class=\"column-4\">6<\/td><td class=\"column-5\">50<\/td>\n<\/tr>\n<tr class=\"row-56\">\n\t<td class=\"column-1\">55<\/td><td class=\"column-2\">2\/19\/12<\/td><td class=\"column-3\">Maur\u00edcio G. Ferreira J\u00fanior<\/td><td class=\"column-4\">6<\/td><td class=\"column-5\">50<\/td>\n<\/tr>\n<tr class=\"row-57\">\n\t<td class=\"column-1\">56<\/td><td class=\"column-2\">3\/13\/12<\/td><td class=\"column-3\">Ad\u00e3o Sales de Sant'Ana<\/td><td class=\"column-4\">6<\/td><td class=\"column-5\">50<\/td>\n<\/tr>\n<tr class=\"row-58\">\n\t<td class=\"column-1\">57<\/td><td class=\"column-2\">9\/16\/12<\/td><td class=\"column-3\">Geraldo Rocha de Brito<\/td><td class=\"column-4\">5<\/td><td class=\"column-5\">180<\/td>\n<\/tr>\n<tr class=\"row-59\">\n\t<td class=\"column-1\">58<\/td><td class=\"column-2\">12\/7\/12<\/td><td class=\"column-3\">Geraldo Rocha de Brito<\/td><td class=\"column-4\">3<\/td><td class=\"column-5\">165<\/td>\n<\/tr>\n<tr class=\"row-60\">\n\t<td class=\"column-1\">59<\/td><td class=\"column-2\">7\/17\/13<\/td><td class=\"column-3\">Maur\u00edcio G. Ferreira J\u00fanior<\/td><td class=\"column-4\">5<\/td><td class=\"column-5\">205<\/td>\n<\/tr>\n<tr class=\"row-61\">\n\t<td class=\"column-1\">60<\/td><td class=\"column-2\">7\/28\/13<\/td><td class=\"column-3\">Thomas Kosfeld<\/td><td class=\"column-4\">3<\/td><td class=\"column-5\">170<\/td>\n<\/tr>\n<tr class=\"row-62\">\n\t<td class=\"column-1\">61<\/td><td class=\"column-2\">8\/10\/13<\/td><td class=\"column-3\">Marcio Costa Diniz<\/td><td class=\"column-4\">3<\/td><td class=\"column-5\">160<\/td>\n<\/tr>\n<tr class=\"row-63\">\n\t<td class=\"column-1\">62<\/td><td class=\"column-2\">10\/25\/13<\/td><td class=\"column-3\">Lorenzo C\u00e9sar A. Franca<\/td><td class=\"column-4\">5<\/td><td class=\"column-5\">205<\/td>\n<\/tr>\n<tr class=\"row-64\">\n\t<td class=\"column-1\">63<\/td><td class=\"column-2\">2\/2\/14<\/td><td class=\"column-3\">Ant\u00f4nio M. Fatorelli<\/td><td class=\"column-4\">12<\/td><td class=\"column-5\">165<\/td>\n<\/tr>\n<tr class=\"row-65\">\n\t<td class=\"column-1\">64<\/td><td class=\"column-2\">7\/18\/14<\/td><td class=\"column-3\">Maur\u00edcio G. Ferreira J\u00fanior<\/td><td class=\"column-4\">3<\/td><td class=\"column-5\">170<\/td>\n<\/tr>\n<tr class=\"row-66\">\n\t<td class=\"column-1\">65<\/td><td class=\"column-2\">8\/25\/14<\/td><td class=\"column-3\">Marcos Vinicius S. Brito<\/td><td class=\"column-4\">16<\/td><td class=\"column-5\">210<\/td>\n<\/tr>\n<tr class=\"row-67\">\n\t<td class=\"column-1\">66<\/td><td class=\"column-2\">9\/5\/15<\/td><td class=\"column-3\">Renato Almeida<\/td><td class=\"column-4\">16<\/td><td class=\"column-5\">180<\/td>\n<\/tr>\n<tr class=\"row-68\">\n\t<td class=\"column-1\">67<\/td><td class=\"column-2\">1\/11\/15<\/td><td class=\"column-3\">Boris Afonso Cruz<\/td><td class=\"column-4\">1<\/td><td class=\"column-5\">191<\/td>\n<\/tr>\n<tr class=\"row-69\">\n\t<td class=\"column-1\">68<\/td><td class=\"column-2\">23\/12\/16<\/td><td class=\"column-3\">Gilson Marques da Silva Filho<\/td><td class=\"column-4\">16<\/td><td class=\"column-5\">210<\/td>\n<\/tr>\n<tr class=\"row-70\">\n\t<td class=\"column-1\">69<\/td><td class=\"column-2\">19\/03\/17<\/td><td class=\"column-3\">Rafaela Russo<\/td><td class=\"column-4\">16<\/td><td class=\"column-5\">110<\/td>\n<\/tr>\n<tr class=\"row-71\">\n\t<td class=\"column-1\">70<\/td><td class=\"column-2\">13\/05\/17<\/td><td class=\"column-3\">D\u00e9lio Malheiros<\/td><td class=\"column-4\">1<\/td><td class=\"column-5\">164<\/td>\n<\/tr>\n<\/tbody>\n<\/table>\n<!-- #tablepress-2 from cache -->[\/vc_column_text][\/vc_column][\/vc_row]<\/p>\n<\/div>","protected":false},"excerpt":{"rendered":"<p>[vc_row][vc_column css=&#8221;.vc_custom_1534969948411{margin-right: 20px !important;}&#8221;][vc_empty_space height=&#8221;30px&#8221;][vc_column_text]A hole in one is a play in which the golfer hits the ball in the hole with just one stroke. This &#8220;perfect shot&#8221; is less difficult to achieve on &#8220;par 3&#8243; holes. However, it can happen even on par 4 holes. We, at Morro do Chap\u00e9u, applaud golfers who manage&hellip;<\/p>\n","protected":false},"author":1,"featured_media":0,"parent":0,"menu_order":0,"comment_status":"closed","ping_status":"open","template":"template-microsite.php","meta":{"footnotes":""},"class_list":["post-3195","page","type-page","status-publish","hentry","description-off"],"_links":{"self":[{"href":"https:\/\/www.morrodochapeu.com.br\/en\/wp-json\/wp\/v2\/pages\/3195","targetHints":{"allow":["GET"]}}],"collection":[{"href":"https:\/\/www.morrodochapeu.com.br\/en\/wp-json\/wp\/v2\/pages"}],"about":[{"href":"https:\/\/www.morrodochapeu.com.br\/en\/wp-json\/wp\/v2\/types\/page"}],"author":[{"embeddable":true,"href":"https:\/\/www.morrodochapeu.com.br\/en\/wp-json\/wp\/v2\/users\/1"}],"replies":[{"embeddable":true,"href":"https:\/\/www.morrodochapeu.com.br\/en\/wp-json\/wp\/v2\/comments?post=3195"}],"version-history":[{"count":3,"href":"https:\/\/www.morrodochapeu.com.br\/en\/wp-json\/wp\/v2\/pages\/3195\/revisions"}],"predecessor-version":[{"id":3200,"href":"https:\/\/www.morrodochapeu.com.br\/en\/wp-json\/wp\/v2\/pages\/3195\/revisions\/3200"}],"wp:attachment":[{"href":"https:\/\/www.morrodochapeu.com.br\/en\/wp-json\/wp\/v2\/media?parent=3195"}],"curies":[{"name":"wp","href":"https:\/\/api.w.org\/{rel}","templated":true}]}}