{"id":3225,"date":"2020-10-27T08:21:11","date_gmt":"2020-10-27T11:21:11","guid":{"rendered":"https:\/\/www.morrodochapeu.com.br\/?page_id=3225"},"modified":"2020-11-09T21:24:22","modified_gmt":"2020-11-09T23:24:22","slug":"affiliated-hotels","status":"publish","type":"page","link":"https:\/\/www.morrodochapeu.com.br\/en\/affiliated-hotels\/","title":{"rendered":"Affiliated Hotels"},"content":{"rendered":"<div class=\"wpb-content-wrapper\"><p>[vc_row][vc_column css=&#8221;.vc_custom_1534969948411{margin-right: 20px !important;}&#8221;]<div class=\"dt-fancy-separator title-left h2-size style-disabled accent-title-color\" style=\"width: 100%;\"><div class=\"dt-fancy-title\"><span class=\"separator-holder separator-left\"><\/span>Affiliated Hotels<span class=\"separator-holder separator-right\"><\/span><\/div><\/div>[vc_empty_space height=&#8221;40px&#8221;]<div class=\"ult-just-icon-wrapper  \"><div class=\"align-icon\" style=\"text-align:center;\">\n<div class=\"aio-icon-img \" style=\"font-size:200px;display:inline-block;\" data-animation=\"bounceIn\" data-animation-delay=\"03\">\n\t<img decoding=\"async\" class=\"img-icon\" alt=\"null\" src=\"https:\/\/www.morrodochapeu.com.br\/wp-content\/uploads\/2018\/09\/morro-do-chapeu-hoteis-filiados-royal-hotel-logo.png\"\/>\n<\/div><\/div><\/div>[vc_empty_space height=&#8221;30px&#8221;][vc_column_text]The Rede Royal hotels offer Morro do Chap\u00e9u Golf Club members a 10% discount on public weekend rates in Belo Horizonte and S\u00e3o Paulo (upon presentation of their membership card). Reservations must be made directly with the hotels, informing them of this discount benefit.[\/vc_column_text][\/vc_column][\/vc_row][vc_row css=&#8221;.vc_custom_1536006408359{margin-top: 20px !important;}&#8221;][vc_column width=&#8221;1\/2&#8243;][vc_empty_space height=&#8221;60px&#8221;]<div class=\"dt-fancy-separator h4-size style-disabled\" style=\"width: 100%;\"><div class=\"dt-fancy-title\"><span class=\"separator-holder separator-left\"><\/span>Royal Golden Hotel<span class=\"separator-holder separator-right\"><\/span><\/div><\/div>[vc_separator color=&#8221;custom&#8221; accent_color=&#8221;#000000&#8243; css=&#8221;.vc_custom_1536002657176{margin-top: 10px !important;margin-bottom: -15px !important;}&#8221;][vc_empty_space height=&#8221;30px&#8221;]<div class=\"standard-arrow list-divider bullet-top\"><ul>\n<li style=\"text-align: left;\">Rua Rio Grande do Norte, 1015<br \/>\nFuncion\u00e1rios &#8211; BH\/ MG<\/li>\n<\/ul>\n<\/div>[vc_empty_space height=&#8221;30px&#8221;]<div class=\"dt-fancy-separator h4-size style-disabled\" style=\"width: 100%;\"><div class=\"dt-fancy-title\"><span class=\"separator-holder separator-left\"><\/span>Royal Center Hotel<span class=\"separator-holder separator-right\"><\/span><\/div><\/div>[vc_separator color=&#8221;custom&#8221; accent_color=&#8221;#000000&#8243; css=&#8221;.vc_custom_1536002657176{margin-top: 10px !important;margin-bottom: -15px !important;}&#8221;][vc_empty_space height=&#8221;30px&#8221;]<div class=\"standard-arrow list-divider bullet-top\"><ul>\n<li style=\"text-align: left;\">Rua Rio Grande do Sul, 856<br \/>\nSanto Agostinho &#8211; BH\/ MG<\/li>\n<\/ul>\n<\/div>[vc_empty_space height=&#8221;60px&#8221;][\/vc_column][vc_column width=&#8221;1\/2&#8243;][vc_empty_space height=&#8221;60px&#8221;]<div class=\"dt-fancy-separator h4-size style-disabled\" style=\"width: 100%;\"><div class=\"dt-fancy-title\"><span class=\"separator-holder separator-left\"><\/span>Royal Savassi Boutique Hotel<span class=\"separator-holder separator-right\"><\/span><\/div><\/div>[vc_separator color=&#8221;custom&#8221; accent_color=&#8221;#000000&#8243; css=&#8221;.vc_custom_1536002657176{margin-top: 10px !important;margin-bottom: -15px !important;}&#8221;][vc_empty_space height=&#8221;30px&#8221;]<div class=\"standard-arrow list-divider bullet-top\"><ul>\n<li style=\"text-align: left;\">Rua Alagoas, 699<br \/>\nFuncion\u00e1rios &#8211; BH\/ MG<\/li>\n<\/ul>\n<\/div>[vc_empty_space height=&#8221;30px&#8221;]<div class=\"dt-fancy-separator h4-size style-disabled\" style=\"width: 100%;\"><div class=\"dt-fancy-title\"><span class=\"separator-holder separator-left\"><\/span>Royal Jardins Boutique<span class=\"separator-holder separator-right\"><\/span><\/div><\/div>[vc_separator color=&#8221;custom&#8221; accent_color=&#8221;#000000&#8243; css=&#8221;.vc_custom_1536002657176{margin-top: 10px !important;margin-bottom: -15px !important;}&#8221;][vc_empty_space height=&#8221;30px&#8221;]<div class=\"standard-arrow list-divider bullet-top\"><ul>\n<li style=\"text-align: left;\">Alameda Ja\u00fa, 729<br \/>\nJardim Paulista &#8211; S\u00e3o Paulo \/ SP<\/li>\n<\/ul>\n<\/div>[vc_empty_space height=&#8221;60px&#8221;][\/vc_column][\/vc_row][vc_row][vc_column css=&#8221;.vc_custom_1534969948411{margin-right: 20px !important;}&#8221;][vc_empty_space height=&#8221;40px&#8221;]<div class=\"ult-just-icon-wrapper  \"><div class=\"align-icon\" style=\"text-align:center;\">\n<div class=\"aio-icon-img \" style=\"font-size:100px;display:inline-block;\" data-animation=\"bounceIn\" data-animation-delay=\"03\">\n\t<img decoding=\"async\" class=\"img-icon\" alt=\"null\" src=\"https:\/\/www.morrodochapeu.com.br\/wp-content\/uploads\/2018\/09\/morro-do-chapeu-hoteis-filiados-promenade-logo.png\"\/>\n<\/div><\/div><\/div>[vc_empty_space height=&#8221;30px&#8221;][vc_column_text]Os hot\u00e9is da Rede Promenade Apart-Hot\u00e9is oferecem aos s\u00f3cios do Morro do Chap\u00e9u Golfe Clube, desconto de 10% nas di\u00e1rias (mediante apresenta\u00e7\u00e3o da carteirinha de associado \/ exceto datas comemorativas nacionais e eventos na cidade \/ confirmar antes da reserva).[\/vc_column_text][\/vc_column][\/vc_row][vc_row css=&#8221;.vc_custom_1536006408359{margin-top: 20px !important;}&#8221;][vc_column width=&#8221;1\/2&#8243;][vc_empty_space height=&#8221;60px&#8221;]<div class=\"dt-fancy-separator h4-size style-disabled\" style=\"width: 100%;\"><div class=\"dt-fancy-title\"><span class=\"separator-holder separator-left\"><\/span>BH Platinum<span class=\"separator-holder separator-right\"><\/span><\/div><\/div>[vc_separator color=&#8221;custom&#8221; accent_color=&#8221;#000000&#8243; css=&#8221;.vc_custom_1536002657176{margin-top: 10px !important;margin-bottom: -15px !important;}&#8221;][vc_empty_space height=&#8221;30px&#8221;]<div class=\"standard-arrow list-divider bullet-top\"><ul>\n<li style=\"text-align: left;\">Rua Oleg\u00e1rio Maciel, 1748<br \/>\nLourdes &#8211; BH\/ MG<\/li>\n<\/ul>\n<\/div>[vc_empty_space height=&#8221;30px&#8221;]<div class=\"dt-fancy-separator h4-size style-disabled\" style=\"width: 100%;\"><div class=\"dt-fancy-title\"><span class=\"separator-holder separator-left\"><\/span>Barra First<span class=\"separator-holder separator-right\"><\/span><\/div><\/div>[vc_separator color=&#8221;custom&#8221; accent_color=&#8221;#000000&#8243; css=&#8221;.vc_custom_1536002657176{margin-top: 10px !important;margin-bottom: -15px !important;}&#8221;][vc_empty_space height=&#8221;30px&#8221;]<div class=\"standard-arrow list-divider bullet-top\"><ul>\n<li style=\"text-align: left;\">Avenida das Am\u00e9ricas, 7897<br \/>\nBarra da Tijuca &#8211; RJ<\/li>\n<\/ul>\n<\/div>[vc_empty_space height=&#8221;60px&#8221;][\/vc_column][vc_column width=&#8221;1\/2&#8243;][vc_empty_space height=&#8221;60px&#8221;]<div class=\"dt-fancy-separator h4-size style-disabled\" style=\"width: 100%;\"><div class=\"dt-fancy-title\"><span class=\"separator-holder separator-left\"><\/span>Pancetti<span class=\"separator-holder separator-right\"><\/span><\/div><\/div>[vc_separator color=&#8221;custom&#8221; accent_color=&#8221;#000000&#8243; css=&#8221;.vc_custom_1536002657176{margin-top: 10px !important;margin-bottom: -15px !important;}&#8221;][vc_empty_space height=&#8221;30px&#8221;]<div class=\"standard-arrow list-divider bullet-top\"><ul>\n<li style=\"text-align: left;\">Rua Pernambuco, 1045<br \/>\nSavassi &#8211; BH\/ MG<\/li>\n<\/ul>\n<\/div>[vc_empty_space height=&#8221;30px&#8221;]<div class=\"dt-fancy-separator h4-size style-disabled\" style=\"width: 100%;\"><div class=\"dt-fancy-title\"><span class=\"separator-holder separator-left\"><\/span>Palladium<span class=\"separator-holder separator-right\"><\/span><\/div><\/div>[vc_separator color=&#8221;custom&#8221; accent_color=&#8221;#000000&#8243; css=&#8221;.vc_custom_1536002657176{margin-top: 10px !important;margin-bottom: -15px !important;}&#8221;][vc_empty_space height=&#8221;30px&#8221;]<div class=\"standard-arrow list-divider bullet-top\"><ul>\n<li style=\"text-align: left;\">Avenida General Artigas, 200<br \/>\nLeblon &#8211; RJ<\/li>\n<\/ul>\n<\/div>[vc_empty_space height=&#8221;60px&#8221;][\/vc_column][\/vc_row]<\/p>\n<\/div>","protected":false},"excerpt":{"rendered":"<p>[vc_row][vc_column css=&#8221;.vc_custom_1534969948411{margin-right: 20px !important;}&#8221;][vc_empty_space height=&#8221;40px&#8221;][vc_empty_space height=&#8221;30px&#8221;][vc_column_text]The Rede Royal hotels offer Morro do Chap\u00e9u Golf Club members a 10% discount on public weekend rates in Belo Horizonte and S\u00e3o Paulo (upon presentation of their membership card). Reservations must be made directly with the hotels, informing them of this discount benefit.[\/vc_column_text][\/vc_column][\/vc_row][vc_row css=&#8221;.vc_custom_1536006408359{margin-top: 20px !important;}&#8221;][vc_column width=&#8221;1\/2&#8243;][vc_empty_space height=&#8221;60px&#8221;][vc_separator color=&#8221;custom&#8221;&hellip;<\/p>\n","protected":false},"author":1,"featured_media":0,"parent":0,"menu_order":0,"comment_status":"closed","ping_status":"open","template":"template-microsite.php","meta":{"footnotes":""},"class_list":["post-3225","page","type-page","status-publish","hentry","description-off"],"_links":{"self":[{"href":"https:\/\/www.morrodochapeu.com.br\/en\/wp-json\/wp\/v2\/pages\/3225","targetHints":{"allow":["GET"]}}],"collection":[{"href":"https:\/\/www.morrodochapeu.com.br\/en\/wp-json\/wp\/v2\/pages"}],"about":[{"href":"https:\/\/www.morrodochapeu.com.br\/en\/wp-json\/wp\/v2\/types\/page"}],"author":[{"embeddable":true,"href":"https:\/\/www.morrodochapeu.com.br\/en\/wp-json\/wp\/v2\/users\/1"}],"replies":[{"embeddable":true,"href":"https:\/\/www.morrodochapeu.com.br\/en\/wp-json\/wp\/v2\/comments?post=3225"}],"version-history":[{"count":1,"href":"https:\/\/www.morrodochapeu.com.br\/en\/wp-json\/wp\/v2\/pages\/3225\/revisions"}],"predecessor-version":[{"id":3228,"href":"https:\/\/www.morrodochapeu.com.br\/en\/wp-json\/wp\/v2\/pages\/3225\/revisions\/3228"}],"wp:attachment":[{"href":"https:\/\/www.morrodochapeu.com.br\/en\/wp-json\/wp\/v2\/media?parent=3225"}],"curies":[{"name":"wp","href":"https:\/\/api.w.org\/{rel}","templated":true}]}}