{"id":3235,"date":"2020-10-27T08:32:07","date_gmt":"2020-10-27T11:32:07","guid":{"rendered":"https:\/\/www.morrodochapeu.com.br\/?page_id=3235"},"modified":"2020-11-10T11:40:43","modified_gmt":"2020-11-10T13:40:43","slug":"news","status":"publish","type":"page","link":"https:\/\/www.morrodochapeu.com.br\/en\/news\/","title":{"rendered":"News"},"content":{"rendered":"<div class=\"wpb-content-wrapper\"><p>[vc_row][vc_column]<div class=\"dt-fancy-separator title-left h2-size style-disabled accent-title-color\" style=\"width: 100%;\"><div class=\"dt-fancy-title\"><span class=\"separator-holder separator-left\"><\/span>News<span class=\"separator-holder separator-right\"><\/span><\/div><\/div>[vc_empty_space height=&#8221;30px&#8221;]<style type=\"text\/css\" data-type=\"the7_shortcodes-inline-css\">#page .blog-shortcode.blog-masonry-shortcode-id-cf56583f432dd69011f20c9ba0317e6a.content-bg-on.gradient-overlap-layout-list .post-entry-content {\n  background: linear-gradient(to bottom,,) no-repeat 0px 150px;\n}\n#page .blog-shortcode.blog-masonry-shortcode-id-cf56583f432dd69011f20c9ba0317e6a.content-bg-on.gradient-overlap-layout-list .no-img .post-entry-content {\n  padding: 30px 30px 30px 30px;\n}\n#page .blog-shortcode.blog-masonry-shortcode-id-cf56583f432dd69011f20c9ba0317e6a.content-bg-on.gradient-overlap-layout-list .no-img .post-entry-content:before {\n  display: none;\n}\n.blog-shortcode.blog-masonry-shortcode-id-cf56583f432dd69011f20c9ba0317e6a .filter-bg-decoration .filter-categories a.act {\n  color: #fff;\n}\n.blog-shortcode.blog-masonry-shortcode-id-cf56583f432dd69011f20c9ba0317e6a:not(.mode-masonry) article:first-of-type,\n.blog-shortcode.blog-masonry-shortcode-id-cf56583f432dd69011f20c9ba0317e6a:not(.mode-masonry) article.visible.first:not(.product) {\n  margin-top: 0;\n}\n.blog-shortcode.blog-masonry-shortcode-id-cf56583f432dd69011f20c9ba0317e6a.dividers-on:not(.mode-masonry) article {\n  margin-top: 0;\n}\n.blog-shortcode.blog-masonry-shortcode-id-cf56583f432dd69011f20c9ba0317e6a.dividers-on:not(.mode-masonry) article:first-of-type,\n.blog-shortcode.blog-masonry-shortcode-id-cf56583f432dd69011f20c9ba0317e6a.dividers-on:not(.mode-masonry) article.visible.first:not(.product) {\n  margin-top: 0;\n  padding-top: 0;\n}\n.blog-shortcode.blog-masonry-shortcode-id-cf56583f432dd69011f20c9ba0317e6a .post-thumbnail-wrap {\n  padding: 0px 0px 0px 0px;\n}\n.blog-shortcode.blog-masonry-shortcode-id-cf56583f432dd69011f20c9ba0317e6a.enable-bg-rollover .post-thumbnail-rollover:after {\n  background: -webkit-linear-gradient();\n  background: linear-gradient();\n}\n.blog-shortcode.blog-masonry-shortcode-id-cf56583f432dd69011f20c9ba0317e6a .gallery-zoom-ico {\n  width: 44px;\n  height: 44px;\n  line-height: 44px;\n  border-radius: 100px;\n  margin: -22px 0 0 -22px;\n  border-width: 0px;\n  color: #ffffff;\n}\n.bottom-overlap-layout-list.blog-shortcode.blog-masonry-shortcode-id-cf56583f432dd69011f20c9ba0317e6a .gallery-zoom-ico {\n  margin-top: -72px;\n}\n.gradient-overlay-layout-list.blog-shortcode.blog-masonry-shortcode-id-cf56583f432dd69011f20c9ba0317e6a .gallery-zoom-ico,\n.content-rollover-layout-list.blog-shortcode.blog-masonry-shortcode-id-cf56583f432dd69011f20c9ba0317e6a .gallery-zoom-ico {\n  margin: 0 0 10px;\n}\n.content-align-center.gradient-overlay-layout-list.blog-shortcode.blog-masonry-shortcode-id-cf56583f432dd69011f20c9ba0317e6a .gallery-zoom-ico,\n.content-align-center.content-rollover-layout-list.blog-shortcode.blog-masonry-shortcode-id-cf56583f432dd69011f20c9ba0317e6a .gallery-zoom-ico {\n  margin: 0 auto 10px;\n}\n.dt-icon-bg-on.blog-shortcode.blog-masonry-shortcode-id-cf56583f432dd69011f20c9ba0317e6a .gallery-zoom-ico {\n  background: rgba(255,255,255,0.3);\n  box-shadow: none;\n}\n.blog-shortcode.blog-masonry-shortcode-id-cf56583f432dd69011f20c9ba0317e6a .gallery-zoom-ico > span,\n.blog-shortcode.blog-masonry-shortcode-id-cf56583f432dd69011f20c9ba0317e6a .gallery-zoom-ico:before {\n  font-size: 32px;\n  line-height: 44px;\n}\n.blog-shortcode.blog-masonry-shortcode-id-cf56583f432dd69011f20c9ba0317e6a .gallery-zoom-ico > span,\n.blog-shortcode.blog-masonry-shortcode-id-cf56583f432dd69011f20c9ba0317e6a .gallery-zoom-ico:before {\n  color: #ffffff;\n}\n.blog-shortcode.blog-masonry-shortcode-id-cf56583f432dd69011f20c9ba0317e6a .entry-title,\n.blog-shortcode.blog-masonry-shortcode-id-cf56583f432dd69011f20c9ba0317e6a.owl-carousel .entry-title {\n  margin-bottom: 5px;\n  font-weight: bold;\n}\n.blog-shortcode.blog-masonry-shortcode-id-cf56583f432dd69011f20c9ba0317e6a .entry-meta {\n  margin-bottom: 15px;\n}\n.blog-shortcode.blog-masonry-shortcode-id-cf56583f432dd69011f20c9ba0317e6a .portfolio-categories {\n  margin-bottom: 15px;\n}\n.blog-shortcode.blog-masonry-shortcode-id-cf56583f432dd69011f20c9ba0317e6a .entry-excerpt {\n  margin-bottom: 5px;\n}\n.blog-shortcode.blog-masonry-shortcode-id-cf56583f432dd69011f20c9ba0317e6a:not(.centered-layout-list) .post-entry-content {\n  padding: 25px 30px 30px 30px;\n}\n.blog-shortcode.blog-masonry-shortcode-id-cf56583f432dd69011f20c9ba0317e6a:not(.centered-layout-list):not(.content-bg-on):not(.mode-list) .no-img .post-entry-content {\n  padding: 0;\n}\n@media screen and (max-width: ) {\n  .blog-shortcode.blog-masonry-shortcode-id-cf56583f432dd69011f20c9ba0317e6a article {\n    -ms-flex-flow: column nowrap;\n    flex-flow: column nowrap;\n    margin-top: 20px;\n  }\n  .blog-shortcode.blog-masonry-shortcode-id-cf56583f432dd69011f20c9ba0317e6a.dividers-on article {\n    border: none;\n  }\n  .blog-shortcode.blog-masonry-shortcode-id-cf56583f432dd69011f20c9ba0317e6a.content-bg-on.centered-layout-list article {\n    padding: 0;\n  }\n  .blog-shortcode.blog-masonry-shortcode-id-cf56583f432dd69011f20c9ba0317e6a.blog-shortcode.dividers-on article,\n  .blog-shortcode.blog-masonry-shortcode-id-cf56583f432dd69011f20c9ba0317e6a.dividers-on.classic-layout-list article {\n    margin-top: 20px;\n    padding: 0;\n  }\n  .blog-shortcode.blog-masonry-shortcode-id-cf56583f432dd69011f20c9ba0317e6a.blog-shortcode.dividers-on article:first-of-type,\n  .blog-shortcode.blog-masonry-shortcode-id-cf56583f432dd69011f20c9ba0317e6a.dividers-on.classic-layout-list article:first-of-type {\n    padding: 0;\n  }\n  #page .blog-shortcode.blog-masonry-shortcode-id-cf56583f432dd69011f20c9ba0317e6a .post-thumbnail-wrap,\n  #page .blog-shortcode.blog-masonry-shortcode-id-cf56583f432dd69011f20c9ba0317e6a .post-entry-content {\n    width: 100%;\n    margin: 0;\n    top: 0;\n  }\n  #page .blog-shortcode.blog-masonry-shortcode-id-cf56583f432dd69011f20c9ba0317e6a .post-thumbnail-wrap {\n    padding: 0;\n  }\n  #page .blog-shortcode.blog-masonry-shortcode-id-cf56583f432dd69011f20c9ba0317e6a .post-entry-content:after {\n    display: none;\n  }\n  #page .blog-shortcode.blog-masonry-shortcode-id-cf56583f432dd69011f20c9ba0317e6a .project-even .post-thumbnail-wrap,\n  #page .blog-shortcode.blog-masonry-shortcode-id-cf56583f432dd69011f20c9ba0317e6a.centered-layout-list .post-thumbnail-wrap {\n    -ms-flex-order: 0;\n    order: 0;\n  }\n  #page .blog-shortcode.blog-masonry-shortcode-id-cf56583f432dd69011f20c9ba0317e6a.centered-layout-list .post-entry-title-content {\n    -ms-flex-order: 1;\n    order: 1;\n    width: 100%;\n    padding: 20px 20px 0;\n  }\n  #page .blog-shortcode.blog-masonry-shortcode-id-cf56583f432dd69011f20c9ba0317e6a.centered-layout-list .post-entry-content {\n    -ms-flex-order: 2;\n    order: 2;\n    padding-top: 0;\n  }\n  #page .blog-shortcode.blog-masonry-shortcode-id-cf56583f432dd69011f20c9ba0317e6a .fancy-categories {\n    top: 10px;\n    left: 10px;\n    bottom: auto;\n    right: auto;\n  }\n  #page .blog-shortcode.blog-masonry-shortcode-id-cf56583f432dd69011f20c9ba0317e6a .fancy-date a {\n    top: 10px;\n    right: 10px;\n    left: auto;\n    bottom: auto;\n  }\n  #page .blog-shortcode.blog-masonry-shortcode-id-cf56583f432dd69011f20c9ba0317e6a .post-entry-content {\n    padding: 20px;\n  }\n  #page .blog-shortcode.blog-masonry-shortcode-id-cf56583f432dd69011f20c9ba0317e6a .entry-title {\n    margin: 3px 0 5px;\n    font-size: 20px;\n    line-height: 26px;\n  }\n  #page .blog-shortcode.blog-masonry-shortcode-id-cf56583f432dd69011f20c9ba0317e6a .entry-meta {\n    margin: 5px 0 5px;\n  }\n  #page .blog-shortcode.blog-masonry-shortcode-id-cf56583f432dd69011f20c9ba0317e6a .entry-excerpt {\n    margin: 15px 0 0;\n  }\n  #page .blog-shortcode.blog-masonry-shortcode-id-cf56583f432dd69011f20c9ba0317e6a .post-details {\n    margin: 5px 0 10px;\n  }\n  #page .blog-shortcode.blog-masonry-shortcode-id-cf56583f432dd69011f20c9ba0317e6a .post-details.details-type-link {\n    margin-bottom: 2px;\n  }\n}\n.blog-shortcode.blog-masonry-shortcode-id-cf56583f432dd69011f20c9ba0317e6a:not(.resize-by-browser-width) .dt-css-grid {\n  grid-row-gap: 30px;\n  grid-column-gap: 30px;\n  grid-template-columns: repeat(auto-fill,minmax(,1fr));\n}\n.blog-shortcode.blog-masonry-shortcode-id-cf56583f432dd69011f20c9ba0317e6a:not(.resize-by-browser-width) .dt-css-grid .double-width {\n  grid-column: span 2;\n}\n.cssgridlegacy.no-cssgrid .blog-shortcode.blog-masonry-shortcode-id-cf56583f432dd69011f20c9ba0317e6a:not(.resize-by-browser-width) .dt-css-grid,\n.no-cssgridlegacy.no-cssgrid .blog-shortcode.blog-masonry-shortcode-id-cf56583f432dd69011f20c9ba0317e6a:not(.resize-by-browser-width) .dt-css-grid {\n  display: flex;\n  flex-flow: row wrap;\n  margin: -15px;\n}\n.cssgridlegacy.no-cssgrid .blog-shortcode.blog-masonry-shortcode-id-cf56583f432dd69011f20c9ba0317e6a:not(.resize-by-browser-width) .dt-css-grid .wf-cell,\n.no-cssgridlegacy.no-cssgrid .blog-shortcode.blog-masonry-shortcode-id-cf56583f432dd69011f20c9ba0317e6a:not(.resize-by-browser-width) .dt-css-grid .wf-cell {\n  flex: 1 0 ;\n  max-width: 100%;\n  padding: 15px;\n  box-sizing: border-box;\n}\n.blog-shortcode.blog-masonry-shortcode-id-cf56583f432dd69011f20c9ba0317e6a.resize-by-browser-width .dt-css-grid {\n  grid-template-columns: repeat(3,1fr);\n  grid-template-rows: auto;\n  grid-column-gap: 30px;\n  grid-row-gap: 30px;\n}\n.blog-shortcode.blog-masonry-shortcode-id-cf56583f432dd69011f20c9ba0317e6a.resize-by-browser-width .dt-css-grid .double-width {\n  grid-column: span 2;\n}\n.cssgridlegacy.no-cssgrid .blog-shortcode.blog-masonry-shortcode-id-cf56583f432dd69011f20c9ba0317e6a.resize-by-browser-width .dt-css-grid {\n  margin: -15px;\n}\n.cssgridlegacy.no-cssgrid .blog-shortcode.blog-masonry-shortcode-id-cf56583f432dd69011f20c9ba0317e6a.resize-by-browser-width .dt-css-grid .wf-cell {\n  width: 33.333333333333%;\n  padding: 15px;\n}\n.cssgridlegacy.no-cssgrid .blog-shortcode.blog-masonry-shortcode-id-cf56583f432dd69011f20c9ba0317e6a.resize-by-browser-width .dt-css-grid .wf-cell.double-width {\n  width: calc(33.333333333333%) * 2;\n}\n.blog-shortcode.blog-masonry-shortcode-id-cf56583f432dd69011f20c9ba0317e6a.resize-by-browser-width:not(.centered-layout-list):not(.content-bg-on) .dt-css-grid {\n  grid-row-gap: 0px;\n}\n@media screen and (max-width: 1199px) {\n  .blog-shortcode.blog-masonry-shortcode-id-cf56583f432dd69011f20c9ba0317e6a.resize-by-browser-width .dt-css-grid {\n    grid-template-columns: repeat(2,1fr);\n  }\n  .cssgridlegacy.no-cssgrid .blog-shortcode.blog-masonry-shortcode-id-cf56583f432dd69011f20c9ba0317e6a.resize-by-browser-width .dt-css-grid .wf-cell,\n  .no-cssgridlegacy.no-cssgrid .blog-shortcode.blog-masonry-shortcode-id-cf56583f432dd69011f20c9ba0317e6a.resize-by-browser-width .dt-css-grid .wf-cell {\n    width: 50%;\n  }\n  .cssgridlegacy.no-cssgrid .blog-shortcode.blog-masonry-shortcode-id-cf56583f432dd69011f20c9ba0317e6a.resize-by-browser-width .dt-css-grid .wf-cell.double-width,\n  .no-cssgridlegacy.no-cssgrid .blog-shortcode.blog-masonry-shortcode-id-cf56583f432dd69011f20c9ba0317e6a.resize-by-browser-width .dt-css-grid .wf-cell.double-width {\n    width: calc(50%)*2;\n  }\n}\n@media screen and (max-width: 991px) {\n  .blog-shortcode.blog-masonry-shortcode-id-cf56583f432dd69011f20c9ba0317e6a.resize-by-browser-width .dt-css-grid {\n    grid-template-columns: repeat(2,1fr);\n  }\n  .cssgridlegacy.no-cssgrid .blog-shortcode.blog-masonry-shortcode-id-cf56583f432dd69011f20c9ba0317e6a.resize-by-browser-width .dt-css-grid .wf-cell,\n  .no-cssgridlegacy.no-cssgrid .blog-shortcode.blog-masonry-shortcode-id-cf56583f432dd69011f20c9ba0317e6a.resize-by-browser-width .dt-css-grid .wf-cell {\n    width: 50%;\n  }\n  .cssgridlegacy.no-cssgrid .blog-shortcode.blog-masonry-shortcode-id-cf56583f432dd69011f20c9ba0317e6a.resize-by-browser-width .dt-css-grid .wf-cell.double-width,\n  .no-cssgridlegacy.no-cssgrid .blog-shortcode.blog-masonry-shortcode-id-cf56583f432dd69011f20c9ba0317e6a.resize-by-browser-width .dt-css-grid .wf-cell.double-width {\n    width: calc(50%)*2;\n  }\n}\n@media screen and (max-width: 767px) {\n  .blog-shortcode.blog-masonry-shortcode-id-cf56583f432dd69011f20c9ba0317e6a.resize-by-browser-width .dt-css-grid {\n    grid-template-columns: repeat(1,1fr);\n  }\n  .blog-shortcode.blog-masonry-shortcode-id-cf56583f432dd69011f20c9ba0317e6a.resize-by-browser-width .dt-css-grid .double-width {\n    grid-column: span 1;\n  }\n  .cssgridlegacy.no-cssgrid .blog-shortcode.blog-masonry-shortcode-id-cf56583f432dd69011f20c9ba0317e6a.resize-by-browser-width .dt-css-grid .wf-cell,\n  .no-cssgridlegacy.no-cssgrid .blog-shortcode.blog-masonry-shortcode-id-cf56583f432dd69011f20c9ba0317e6a.resize-by-browser-width .dt-css-grid .wf-cell {\n    width: 100%;\n  }\n  .cssgridlegacy.no-cssgrid .blog-shortcode.blog-masonry-shortcode-id-cf56583f432dd69011f20c9ba0317e6a.resize-by-browser-width .dt-css-grid .wf-cell.double-width,\n  .no-cssgridlegacy.no-cssgrid .blog-shortcode.blog-masonry-shortcode-id-cf56583f432dd69011f20c9ba0317e6a.resize-by-browser-width .dt-css-grid .wf-cell.double-width {\n    width: calc(100%)*2;\n  }\n}\n<\/style><div class=\"blog-shortcode blog-masonry-shortcode-id-cf56583f432dd69011f20c9ba0317e6a mode-grid gradient-overlap-layout-list content-bg-on jquery-filter content-align-center scale-img dt-css-grid-wrap dt-icon-bg-off resize-by-browser-width loading-effect-fade-in description-under-image \" data-padding=\"15px\" data-cur-page=\"1\" data-post-limit=\"-1\" data-pagination-mode=\"none\" data-desktop-columns-num=\"3\" data-v-tablet-columns-num=\"2\" data-h-tablet-columns-num=\"2\" data-phone-columns-num=\"1\" data-width=\"0px\" data-columns=\"0\"><div class=\"dt-css-grid\" ><div class=\"visible wf-cell\" data-post-id=\"3598\" data-date=\"2020-11-10T11:06:23-03:00\" data-name=\"Oficina de massinha com Marcelo Xavier\"><article class=\"post project-odd visible post-3598 type-post status-publish format-standard has-post-thumbnail hentry category-news category-47 description-off\" data-name=\"Oficina de massinha com Marcelo Xavier\" data-date=\"2020-11-10T11:06:23-03:00\">\n\n<div class=\"post-thumbnail-wrap\">\n\t<div class=\"post-thumbnail\">\n\t\t\n\t\t\n\t\t<a href=\"https:\/\/www.morrodochapeu.com.br\/en\/oficina-de-massinha-com-marcelo-xavier\/\" class=\"post-thumbnail-rollover layzr-bg layzr-bg\" ><img fetchpriority=\"high\" decoding=\"async\" class=\"iso-lazy-load preload-me iso-lazy-load aspect\" src=\"data:image\/svg+xml,%3Csvg%20xmlns%3D&#39;http%3A%2F%2Fwww.w3.org%2F2000%2Fsvg&#39;%20viewBox%3D&#39;0%200%20768%20512&#39;%2F%3E\" data-src=\"https:\/\/www.morrodochapeu.com.br\/wp-content\/uploads\/2020\/10\/morro-do-chapeu-noticias-modeloar-em-massinhas-1-768x512.jpg\" data-srcset=\"https:\/\/www.morrodochapeu.com.br\/wp-content\/uploads\/2020\/10\/morro-do-chapeu-noticias-modeloar-em-massinhas-1-768x512.jpg 768w, https:\/\/www.morrodochapeu.com.br\/wp-content\/uploads\/2020\/10\/morro-do-chapeu-noticias-modeloar-em-massinhas-1-829x553.jpg 829w\" loading=\"eager\" style=\"--ratio: 768 \/ 512\" sizes=\"(max-width: 768px) 100vw, 768px\" alt=\"\" title=\"morro-do-chapeu-noticias-modeloar-em-massinhas\" width=\"768\" height=\"512\"  \/><\/a>\t<\/div>\n<\/div>\n\n\n<div class=\"post-entry-content\">\n\n\t<h3 class=\"entry-title\">\n\t\t<a href=\"https:\/\/www.morrodochapeu.com.br\/en\/oficina-de-massinha-com-marcelo-xavier\/\" title=\"Oficina de massinha com Marcelo Xavier\" rel=\"bookmark\">Oficina de massinha com Marcelo Xavier<\/a>\n\t<\/h3>\n\n\t<div class=\"entry-meta\"><a href=\"https:\/\/www.morrodochapeu.com.br\/en\/2020\/11\/10\/\" title=\"11:06\" class=\"data-link\" rel=\"bookmark\"><time class=\"entry-date updated\" datetime=\"2020-11-10T11:06:23-03:00\">10 de November de 2020<\/time><\/a><\/div>\n\t\n\t\n<a href=\"https:\/\/www.morrodochapeu.com.br\/en\/oficina-de-massinha-com-marcelo-xavier\/\" class=\"post-details details-type-link\" aria-label=\"Read more about Oficina de massinha com Marcelo Xavier\">Leia mais<i class=\"dt-icon-the7-arrow-03\" aria-hidden=\"true\"><\/i><\/a>\n\n<\/div><\/article><\/div><div class=\"visible wf-cell\" data-post-id=\"3573\" data-date=\"2020-11-10T10:39:33-03:00\" data-name=\"Novo playground na Pra\u00e7a dos Bem-Te-Vis j\u00e1 \u00e9 sucesso entre as crian\u00e7as.\"><article class=\"post project-odd visible post-3573 type-post status-publish format-standard has-post-thumbnail hentry category-news category-47 description-off\" data-name=\"Novo playground na Pra\u00e7a dos Bem-Te-Vis j\u00e1 \u00e9 sucesso entre as crian\u00e7as.\" data-date=\"2020-11-10T10:39:33-03:00\">\n\n<div class=\"post-thumbnail-wrap\">\n\t<div class=\"post-thumbnail\">\n\t\t\n\t\t\n\t\t<a href=\"https:\/\/www.morrodochapeu.com.br\/en\/novo-playground-na-praca-dos-bem-te-vis-ja-e-sucesso-entre-as-criancas\/\" class=\"post-thumbnail-rollover layzr-bg layzr-bg\" ><img decoding=\"async\" class=\"iso-lazy-load preload-me iso-lazy-load aspect\" src=\"data:image\/svg+xml,%3Csvg%20xmlns%3D&#39;http%3A%2F%2Fwww.w3.org%2F2000%2Fsvg&#39;%20viewBox%3D&#39;0%200%20768%20512&#39;%2F%3E\" data-src=\"https:\/\/www.morrodochapeu.com.br\/wp-content\/uploads\/2020\/08\/morro-do-chapeu-bosque-dos-bem-te-vis-playground-dest-1-768x512.jpg\" data-srcset=\"https:\/\/www.morrodochapeu.com.br\/wp-content\/uploads\/2020\/08\/morro-do-chapeu-bosque-dos-bem-te-vis-playground-dest-1-768x512.jpg 768w, https:\/\/www.morrodochapeu.com.br\/wp-content\/uploads\/2020\/08\/morro-do-chapeu-bosque-dos-bem-te-vis-playground-dest-1.jpg 799w\" loading=\"eager\" style=\"--ratio: 768 \/ 512\" sizes=\"(max-width: 768px) 100vw, 768px\" alt=\"\" title=\"morro-do-chapeu-bosque-dos-bem-te-vis-playground-dest\" width=\"768\" height=\"512\"  \/><\/a>\t<\/div>\n<\/div>\n\n\n<div class=\"post-entry-content\">\n\n\t<h3 class=\"entry-title\">\n\t\t<a href=\"https:\/\/www.morrodochapeu.com.br\/en\/novo-playground-na-praca-dos-bem-te-vis-ja-e-sucesso-entre-as-criancas\/\" title=\"Novo playground na Pra\u00e7a dos Bem-Te-Vis j\u00e1 \u00e9 sucesso entre as crian\u00e7as.\" rel=\"bookmark\">Novo playground na Pra\u00e7a dos Bem-Te-Vis j\u00e1 \u00e9 sucesso entre as crian\u00e7as.<\/a>\n\t<\/h3>\n\n\t<div class=\"entry-meta\"><a href=\"https:\/\/www.morrodochapeu.com.br\/en\/2020\/11\/10\/\" title=\"10:39\" class=\"data-link\" rel=\"bookmark\"><time class=\"entry-date updated\" datetime=\"2020-11-10T10:39:33-03:00\">10 de November de 2020<\/time><\/a><\/div>\n\t\n\t\n<a href=\"https:\/\/www.morrodochapeu.com.br\/en\/novo-playground-na-praca-dos-bem-te-vis-ja-e-sucesso-entre-as-criancas\/\" class=\"post-details details-type-link\" aria-label=\"Read more about Novo playground na Pra\u00e7a dos Bem-Te-Vis j\u00e1 \u00e9 sucesso entre as crian\u00e7as.\">Leia mais<i class=\"dt-icon-the7-arrow-03\" aria-hidden=\"true\"><\/i><\/a>\n\n<\/div><\/article><\/div><div class=\"visible wf-cell\" data-post-id=\"3566\" data-date=\"2020-11-10T10:32:14-03:00\" data-name=\"Esta\u00e7\u00e3o de carregador de ve\u00edculos el\u00e9tricos\"><article class=\"post project-odd visible post-3566 type-post status-publish format-standard has-post-thumbnail hentry category-news category-47 description-off\" data-name=\"Esta\u00e7\u00e3o de carregador de ve\u00edculos el\u00e9tricos\" data-date=\"2020-11-10T10:32:14-03:00\">\n\n<div class=\"post-thumbnail-wrap\">\n\t<div class=\"post-thumbnail\">\n\t\t\n\t\t\n\t\t<a href=\"https:\/\/www.morrodochapeu.com.br\/en\/estacao-de-carregador-de-veiculos-eletricos\/\" class=\"post-thumbnail-rollover layzr-bg layzr-bg\" ><img decoding=\"async\" class=\"iso-lazy-load preload-me iso-lazy-load aspect\" src=\"data:image\/svg+xml,%3Csvg%20xmlns%3D&#39;http%3A%2F%2Fwww.w3.org%2F2000%2Fsvg&#39;%20viewBox%3D&#39;0%200%20768%20512&#39;%2F%3E\" data-src=\"https:\/\/www.morrodochapeu.com.br\/wp-content\/uploads\/2020\/04\/morro-do-chapeu-destacada-estacao-de-carregamento-768x512.jpg\" data-srcset=\"https:\/\/www.morrodochapeu.com.br\/wp-content\/uploads\/2020\/04\/morro-do-chapeu-destacada-estacao-de-carregamento-768x512.jpg 768w, https:\/\/www.morrodochapeu.com.br\/wp-content\/uploads\/2020\/04\/morro-do-chapeu-destacada-estacao-de-carregamento-800x533.jpg 800w\" loading=\"eager\" style=\"--ratio: 768 \/ 512\" sizes=\"(max-width: 768px) 100vw, 768px\" alt=\"\" title=\"morro-do-chapeu-destacada-estacao-de-carregamento\" width=\"768\" height=\"512\"  \/><\/a>\t<\/div>\n<\/div>\n\n\n<div class=\"post-entry-content\">\n\n\t<h3 class=\"entry-title\">\n\t\t<a href=\"https:\/\/www.morrodochapeu.com.br\/en\/estacao-de-carregador-de-veiculos-eletricos\/\" title=\"Esta\u00e7\u00e3o de carregador de ve\u00edculos el\u00e9tricos\" rel=\"bookmark\">Esta\u00e7\u00e3o de carregador de ve\u00edculos el\u00e9tricos<\/a>\n\t<\/h3>\n\n\t<div class=\"entry-meta\"><a href=\"https:\/\/www.morrodochapeu.com.br\/en\/2020\/11\/10\/\" title=\"10:32\" class=\"data-link\" rel=\"bookmark\"><time class=\"entry-date updated\" datetime=\"2020-11-10T10:32:14-03:00\">10 de November de 2020<\/time><\/a><\/div>\n\t\n\t\n<a href=\"https:\/\/www.morrodochapeu.com.br\/en\/estacao-de-carregador-de-veiculos-eletricos\/\" class=\"post-details details-type-link\" aria-label=\"Read more about Esta\u00e7\u00e3o de carregador de ve\u00edculos el\u00e9tricos\">Leia mais<i class=\"dt-icon-the7-arrow-03\" aria-hidden=\"true\"><\/i><\/a>\n\n<\/div><\/article><\/div><div class=\"visible wf-cell\" data-post-id=\"3563\" data-date=\"2020-11-10T10:29:38-03:00\" data-name=\"Termo de uso do WHATSAPP\"><article class=\"post project-odd visible post-3563 type-post status-publish format-standard has-post-thumbnail hentry category-news category-47 description-off\" data-name=\"Termo de uso do WHATSAPP\" data-date=\"2020-11-10T10:29:38-03:00\">\n\n<div class=\"post-thumbnail-wrap\">\n\t<div class=\"post-thumbnail\">\n\t\t\n\t\t\n\t\t<a href=\"https:\/\/www.morrodochapeu.com.br\/en\/termo-de-uso-do-whatsapp\/\" class=\"post-thumbnail-rollover layzr-bg layzr-bg\" ><img decoding=\"async\" class=\"iso-lazy-load preload-me iso-lazy-load aspect\" src=\"data:image\/svg+xml,%3Csvg%20xmlns%3D&#39;http%3A%2F%2Fwww.w3.org%2F2000%2Fsvg&#39;%20viewBox%3D&#39;0%200%20768%20512&#39;%2F%3E\" data-src=\"https:\/\/www.morrodochapeu.com.br\/wp-content\/uploads\/2020\/04\/morro-do-chapeu-noticias-whatsapp-768x512.jpg\" data-srcset=\"https:\/\/www.morrodochapeu.com.br\/wp-content\/uploads\/2020\/04\/morro-do-chapeu-noticias-whatsapp-768x512.jpg 768w, https:\/\/www.morrodochapeu.com.br\/wp-content\/uploads\/2020\/04\/morro-do-chapeu-noticias-whatsapp-800x533.jpg 800w\" loading=\"eager\" style=\"--ratio: 768 \/ 512\" sizes=\"(max-width: 768px) 100vw, 768px\" alt=\"\" title=\"morro-do-chapeu-noticias-whatsapp\" width=\"768\" height=\"512\"  \/><\/a>\t<\/div>\n<\/div>\n\n\n<div class=\"post-entry-content\">\n\n\t<h3 class=\"entry-title\">\n\t\t<a href=\"https:\/\/www.morrodochapeu.com.br\/en\/termo-de-uso-do-whatsapp\/\" title=\"Termo de uso do WHATSAPP\" rel=\"bookmark\">Termo de uso do WHATSAPP<\/a>\n\t<\/h3>\n\n\t<div class=\"entry-meta\"><a href=\"https:\/\/www.morrodochapeu.com.br\/en\/2020\/11\/10\/\" title=\"10:29\" class=\"data-link\" rel=\"bookmark\"><time class=\"entry-date updated\" datetime=\"2020-11-10T10:29:38-03:00\">10 de November de 2020<\/time><\/a><\/div>\n\t\n\t\n<a href=\"https:\/\/www.morrodochapeu.com.br\/en\/termo-de-uso-do-whatsapp\/\" class=\"post-details details-type-link\" aria-label=\"Read more about Termo de uso do WHATSAPP\">Leia mais<i class=\"dt-icon-the7-arrow-03\" aria-hidden=\"true\"><\/i><\/a>\n\n<\/div><\/article><\/div><\/div><!-- iso-container|iso-grid --><\/div>[\/vc_column][\/vc_row]<\/p>\n<\/div>","protected":false},"excerpt":{"rendered":"<p>[vc_row][vc_column][vc_empty_space height=&#8221;30px&#8221;][\/vc_column][\/vc_row]<\/p>\n","protected":false},"author":1,"featured_media":0,"parent":0,"menu_order":0,"comment_status":"closed","ping_status":"open","template":"template-microsite.php","meta":{"footnotes":""},"class_list":["post-3235","page","type-page","status-publish","hentry","description-off"],"_links":{"self":[{"href":"https:\/\/www.morrodochapeu.com.br\/en\/wp-json\/wp\/v2\/pages\/3235","targetHints":{"allow":["GET"]}}],"collection":[{"href":"https:\/\/www.morrodochapeu.com.br\/en\/wp-json\/wp\/v2\/pages"}],"about":[{"href":"https:\/\/www.morrodochapeu.com.br\/en\/wp-json\/wp\/v2\/types\/page"}],"author":[{"embeddable":true,"href":"https:\/\/www.morrodochapeu.com.br\/en\/wp-json\/wp\/v2\/users\/1"}],"replies":[{"embeddable":true,"href":"https:\/\/www.morrodochapeu.com.br\/en\/wp-json\/wp\/v2\/comments?post=3235"}],"version-history":[{"count":2,"href":"https:\/\/www.morrodochapeu.com.br\/en\/wp-json\/wp\/v2\/pages\/3235\/revisions"}],"predecessor-version":[{"id":3610,"href":"https:\/\/www.morrodochapeu.com.br\/en\/wp-json\/wp\/v2\/pages\/3235\/revisions\/3610"}],"wp:attachment":[{"href":"https:\/\/www.morrodochapeu.com.br\/en\/wp-json\/wp\/v2\/media?parent=3235"}],"curies":[{"name":"wp","href":"https:\/\/api.w.org\/{rel}","templated":true}]}}