{"id":3238,"date":"2020-10-27T08:35:05","date_gmt":"2020-10-27T11:35:05","guid":{"rendered":"https:\/\/www.morrodochapeu.com.br\/?page_id=3238"},"modified":"2020-11-10T11:43:04","modified_gmt":"2020-11-10T13:43:04","slug":"morro-do-chapeu-magazine","status":"publish","type":"page","link":"https:\/\/www.morrodochapeu.com.br\/en\/morro-do-chapeu-magazine\/","title":{"rendered":"Morro do Chap\u00e9u Magazine"},"content":{"rendered":"<div class=\"wpb-content-wrapper\"><p>[vc_row][vc_column]<div class=\"dt-fancy-separator title-left h2-size style-disabled accent-title-color\" style=\"width: 100%;\"><div class=\"dt-fancy-title\"><span class=\"separator-holder separator-left\"><\/span>Morro do Chap\u00e9u Magazine<span class=\"separator-holder separator-right\"><\/span><\/div><\/div>[vc_empty_space height=&#8221;30px&#8221;]<style type=\"text\/css\" data-type=\"the7_shortcodes-inline-css\">#page .blog-shortcode.blog-masonry-shortcode-id-11048dce4dfb0fce4d207411cc74ac69.content-bg-on.gradient-overlap-layout-list .post-entry-content {\n  background: linear-gradient(to bottom,,) no-repeat 0px 150px;\n}\n#page .blog-shortcode.blog-masonry-shortcode-id-11048dce4dfb0fce4d207411cc74ac69.content-bg-on.gradient-overlap-layout-list .no-img .post-entry-content {\n  padding: 30px 30px 30px 30px;\n}\n#page .blog-shortcode.blog-masonry-shortcode-id-11048dce4dfb0fce4d207411cc74ac69.content-bg-on.gradient-overlap-layout-list .no-img .post-entry-content:before {\n  display: none;\n}\n.blog-shortcode.blog-masonry-shortcode-id-11048dce4dfb0fce4d207411cc74ac69 .filter-bg-decoration .filter-categories a.act {\n  color: #fff;\n}\n.blog-shortcode.blog-masonry-shortcode-id-11048dce4dfb0fce4d207411cc74ac69:not(.mode-masonry) article:first-of-type,\n.blog-shortcode.blog-masonry-shortcode-id-11048dce4dfb0fce4d207411cc74ac69:not(.mode-masonry) article.visible.first:not(.product) {\n  margin-top: 0;\n}\n.blog-shortcode.blog-masonry-shortcode-id-11048dce4dfb0fce4d207411cc74ac69.dividers-on:not(.mode-masonry) article {\n  margin-top: 0;\n}\n.blog-shortcode.blog-masonry-shortcode-id-11048dce4dfb0fce4d207411cc74ac69.dividers-on:not(.mode-masonry) article:first-of-type,\n.blog-shortcode.blog-masonry-shortcode-id-11048dce4dfb0fce4d207411cc74ac69.dividers-on:not(.mode-masonry) article.visible.first:not(.product) {\n  margin-top: 0;\n  padding-top: 0;\n}\n.blog-shortcode.blog-masonry-shortcode-id-11048dce4dfb0fce4d207411cc74ac69 .post-thumbnail-wrap {\n  padding: 0px 0px 0px 0px;\n}\n.blog-shortcode.blog-masonry-shortcode-id-11048dce4dfb0fce4d207411cc74ac69.enable-bg-rollover .post-thumbnail-rollover:after {\n  background: -webkit-linear-gradient();\n  background: linear-gradient();\n}\n.blog-shortcode.blog-masonry-shortcode-id-11048dce4dfb0fce4d207411cc74ac69 .gallery-zoom-ico {\n  width: 44px;\n  height: 44px;\n  line-height: 44px;\n  border-radius: 100px;\n  margin: -22px 0 0 -22px;\n  border-width: 0px;\n  color: #ffffff;\n}\n.bottom-overlap-layout-list.blog-shortcode.blog-masonry-shortcode-id-11048dce4dfb0fce4d207411cc74ac69 .gallery-zoom-ico {\n  margin-top: -72px;\n}\n.gradient-overlay-layout-list.blog-shortcode.blog-masonry-shortcode-id-11048dce4dfb0fce4d207411cc74ac69 .gallery-zoom-ico,\n.content-rollover-layout-list.blog-shortcode.blog-masonry-shortcode-id-11048dce4dfb0fce4d207411cc74ac69 .gallery-zoom-ico {\n  margin: 0 0 10px;\n}\n.content-align-center.gradient-overlay-layout-list.blog-shortcode.blog-masonry-shortcode-id-11048dce4dfb0fce4d207411cc74ac69 .gallery-zoom-ico,\n.content-align-center.content-rollover-layout-list.blog-shortcode.blog-masonry-shortcode-id-11048dce4dfb0fce4d207411cc74ac69 .gallery-zoom-ico {\n  margin: 0 auto 10px;\n}\n.dt-icon-bg-on.blog-shortcode.blog-masonry-shortcode-id-11048dce4dfb0fce4d207411cc74ac69 .gallery-zoom-ico {\n  background: rgba(255,255,255,0.3);\n  box-shadow: none;\n}\n.blog-shortcode.blog-masonry-shortcode-id-11048dce4dfb0fce4d207411cc74ac69 .gallery-zoom-ico > span,\n.blog-shortcode.blog-masonry-shortcode-id-11048dce4dfb0fce4d207411cc74ac69 .gallery-zoom-ico:before {\n  font-size: 32px;\n  line-height: 44px;\n}\n.blog-shortcode.blog-masonry-shortcode-id-11048dce4dfb0fce4d207411cc74ac69 .gallery-zoom-ico > span,\n.blog-shortcode.blog-masonry-shortcode-id-11048dce4dfb0fce4d207411cc74ac69 .gallery-zoom-ico:before {\n  color: #ffffff;\n}\n.blog-shortcode.blog-masonry-shortcode-id-11048dce4dfb0fce4d207411cc74ac69 .entry-title,\n.blog-shortcode.blog-masonry-shortcode-id-11048dce4dfb0fce4d207411cc74ac69.owl-carousel .entry-title {\n  margin-bottom: 5px;\n  font-weight: bold;\n}\n.blog-shortcode.blog-masonry-shortcode-id-11048dce4dfb0fce4d207411cc74ac69 .entry-meta {\n  margin-bottom: 15px;\n}\n.blog-shortcode.blog-masonry-shortcode-id-11048dce4dfb0fce4d207411cc74ac69 .portfolio-categories {\n  margin-bottom: 15px;\n}\n.blog-shortcode.blog-masonry-shortcode-id-11048dce4dfb0fce4d207411cc74ac69 .entry-excerpt {\n  margin-bottom: 5px;\n}\n.blog-shortcode.blog-masonry-shortcode-id-11048dce4dfb0fce4d207411cc74ac69:not(.centered-layout-list) .post-entry-content {\n  padding: 25px 30px 30px 30px;\n}\n.blog-shortcode.blog-masonry-shortcode-id-11048dce4dfb0fce4d207411cc74ac69:not(.centered-layout-list):not(.content-bg-on):not(.mode-list) .no-img .post-entry-content {\n  padding: 0;\n}\n@media screen and (max-width: ) {\n  .blog-shortcode.blog-masonry-shortcode-id-11048dce4dfb0fce4d207411cc74ac69 article {\n    -ms-flex-flow: column nowrap;\n    flex-flow: column nowrap;\n    margin-top: 20px;\n  }\n  .blog-shortcode.blog-masonry-shortcode-id-11048dce4dfb0fce4d207411cc74ac69.dividers-on article {\n    border: none;\n  }\n  .blog-shortcode.blog-masonry-shortcode-id-11048dce4dfb0fce4d207411cc74ac69.content-bg-on.centered-layout-list article {\n    padding: 0;\n  }\n  .blog-shortcode.blog-masonry-shortcode-id-11048dce4dfb0fce4d207411cc74ac69.blog-shortcode.dividers-on article,\n  .blog-shortcode.blog-masonry-shortcode-id-11048dce4dfb0fce4d207411cc74ac69.dividers-on.classic-layout-list article {\n    margin-top: 20px;\n    padding: 0;\n  }\n  .blog-shortcode.blog-masonry-shortcode-id-11048dce4dfb0fce4d207411cc74ac69.blog-shortcode.dividers-on article:first-of-type,\n  .blog-shortcode.blog-masonry-shortcode-id-11048dce4dfb0fce4d207411cc74ac69.dividers-on.classic-layout-list article:first-of-type {\n    padding: 0;\n  }\n  #page .blog-shortcode.blog-masonry-shortcode-id-11048dce4dfb0fce4d207411cc74ac69 .post-thumbnail-wrap,\n  #page .blog-shortcode.blog-masonry-shortcode-id-11048dce4dfb0fce4d207411cc74ac69 .post-entry-content {\n    width: 100%;\n    margin: 0;\n    top: 0;\n  }\n  #page .blog-shortcode.blog-masonry-shortcode-id-11048dce4dfb0fce4d207411cc74ac69 .post-thumbnail-wrap {\n    padding: 0;\n  }\n  #page .blog-shortcode.blog-masonry-shortcode-id-11048dce4dfb0fce4d207411cc74ac69 .post-entry-content:after {\n    display: none;\n  }\n  #page .blog-shortcode.blog-masonry-shortcode-id-11048dce4dfb0fce4d207411cc74ac69 .project-even .post-thumbnail-wrap,\n  #page .blog-shortcode.blog-masonry-shortcode-id-11048dce4dfb0fce4d207411cc74ac69.centered-layout-list .post-thumbnail-wrap {\n    -ms-flex-order: 0;\n    order: 0;\n  }\n  #page .blog-shortcode.blog-masonry-shortcode-id-11048dce4dfb0fce4d207411cc74ac69.centered-layout-list .post-entry-title-content {\n    -ms-flex-order: 1;\n    order: 1;\n    width: 100%;\n    padding: 20px 20px 0;\n  }\n  #page .blog-shortcode.blog-masonry-shortcode-id-11048dce4dfb0fce4d207411cc74ac69.centered-layout-list .post-entry-content {\n    -ms-flex-order: 2;\n    order: 2;\n    padding-top: 0;\n  }\n  #page .blog-shortcode.blog-masonry-shortcode-id-11048dce4dfb0fce4d207411cc74ac69 .fancy-categories {\n    top: 10px;\n    left: 10px;\n    bottom: auto;\n    right: auto;\n  }\n  #page .blog-shortcode.blog-masonry-shortcode-id-11048dce4dfb0fce4d207411cc74ac69 .fancy-date a {\n    top: 10px;\n    right: 10px;\n    left: auto;\n    bottom: auto;\n  }\n  #page .blog-shortcode.blog-masonry-shortcode-id-11048dce4dfb0fce4d207411cc74ac69 .post-entry-content {\n    padding: 20px;\n  }\n  #page .blog-shortcode.blog-masonry-shortcode-id-11048dce4dfb0fce4d207411cc74ac69 .entry-title {\n    margin: 3px 0 5px;\n    font-size: 20px;\n    line-height: 26px;\n  }\n  #page .blog-shortcode.blog-masonry-shortcode-id-11048dce4dfb0fce4d207411cc74ac69 .entry-meta {\n    margin: 5px 0 5px;\n  }\n  #page .blog-shortcode.blog-masonry-shortcode-id-11048dce4dfb0fce4d207411cc74ac69 .entry-excerpt {\n    margin: 15px 0 0;\n  }\n  #page .blog-shortcode.blog-masonry-shortcode-id-11048dce4dfb0fce4d207411cc74ac69 .post-details {\n    margin: 5px 0 10px;\n  }\n  #page .blog-shortcode.blog-masonry-shortcode-id-11048dce4dfb0fce4d207411cc74ac69 .post-details.details-type-link {\n    margin-bottom: 2px;\n  }\n}\n.blog-shortcode.blog-masonry-shortcode-id-11048dce4dfb0fce4d207411cc74ac69:not(.resize-by-browser-width) .dt-css-grid {\n  grid-row-gap: 30px;\n  grid-column-gap: 30px;\n  grid-template-columns: repeat(auto-fill,minmax(,1fr));\n}\n.blog-shortcode.blog-masonry-shortcode-id-11048dce4dfb0fce4d207411cc74ac69:not(.resize-by-browser-width) .dt-css-grid .double-width {\n  grid-column: span 2;\n}\n.cssgridlegacy.no-cssgrid .blog-shortcode.blog-masonry-shortcode-id-11048dce4dfb0fce4d207411cc74ac69:not(.resize-by-browser-width) .dt-css-grid,\n.no-cssgridlegacy.no-cssgrid .blog-shortcode.blog-masonry-shortcode-id-11048dce4dfb0fce4d207411cc74ac69:not(.resize-by-browser-width) .dt-css-grid {\n  display: flex;\n  flex-flow: row wrap;\n  margin: -15px;\n}\n.cssgridlegacy.no-cssgrid .blog-shortcode.blog-masonry-shortcode-id-11048dce4dfb0fce4d207411cc74ac69:not(.resize-by-browser-width) .dt-css-grid .wf-cell,\n.no-cssgridlegacy.no-cssgrid .blog-shortcode.blog-masonry-shortcode-id-11048dce4dfb0fce4d207411cc74ac69:not(.resize-by-browser-width) .dt-css-grid .wf-cell {\n  flex: 1 0 ;\n  max-width: 100%;\n  padding: 15px;\n  box-sizing: border-box;\n}\n.blog-shortcode.blog-masonry-shortcode-id-11048dce4dfb0fce4d207411cc74ac69.resize-by-browser-width .dt-css-grid {\n  grid-template-columns: repeat(3,1fr);\n  grid-template-rows: auto;\n  grid-column-gap: 30px;\n  grid-row-gap: 30px;\n}\n.blog-shortcode.blog-masonry-shortcode-id-11048dce4dfb0fce4d207411cc74ac69.resize-by-browser-width .dt-css-grid .double-width {\n  grid-column: span 2;\n}\n.cssgridlegacy.no-cssgrid .blog-shortcode.blog-masonry-shortcode-id-11048dce4dfb0fce4d207411cc74ac69.resize-by-browser-width .dt-css-grid {\n  margin: -15px;\n}\n.cssgridlegacy.no-cssgrid .blog-shortcode.blog-masonry-shortcode-id-11048dce4dfb0fce4d207411cc74ac69.resize-by-browser-width .dt-css-grid .wf-cell {\n  width: 33.333333333333%;\n  padding: 15px;\n}\n.cssgridlegacy.no-cssgrid .blog-shortcode.blog-masonry-shortcode-id-11048dce4dfb0fce4d207411cc74ac69.resize-by-browser-width .dt-css-grid .wf-cell.double-width {\n  width: calc(33.333333333333%) * 2;\n}\n.blog-shortcode.blog-masonry-shortcode-id-11048dce4dfb0fce4d207411cc74ac69.resize-by-browser-width:not(.centered-layout-list):not(.content-bg-on) .dt-css-grid {\n  grid-row-gap: 0px;\n}\n@media screen and (max-width: 1199px) {\n  .blog-shortcode.blog-masonry-shortcode-id-11048dce4dfb0fce4d207411cc74ac69.resize-by-browser-width .dt-css-grid {\n    grid-template-columns: repeat(2,1fr);\n  }\n  .cssgridlegacy.no-cssgrid .blog-shortcode.blog-masonry-shortcode-id-11048dce4dfb0fce4d207411cc74ac69.resize-by-browser-width .dt-css-grid .wf-cell,\n  .no-cssgridlegacy.no-cssgrid .blog-shortcode.blog-masonry-shortcode-id-11048dce4dfb0fce4d207411cc74ac69.resize-by-browser-width .dt-css-grid .wf-cell {\n    width: 50%;\n  }\n  .cssgridlegacy.no-cssgrid .blog-shortcode.blog-masonry-shortcode-id-11048dce4dfb0fce4d207411cc74ac69.resize-by-browser-width .dt-css-grid .wf-cell.double-width,\n  .no-cssgridlegacy.no-cssgrid .blog-shortcode.blog-masonry-shortcode-id-11048dce4dfb0fce4d207411cc74ac69.resize-by-browser-width .dt-css-grid .wf-cell.double-width {\n    width: calc(50%)*2;\n  }\n}\n@media screen and (max-width: 991px) {\n  .blog-shortcode.blog-masonry-shortcode-id-11048dce4dfb0fce4d207411cc74ac69.resize-by-browser-width .dt-css-grid {\n    grid-template-columns: repeat(2,1fr);\n  }\n  .cssgridlegacy.no-cssgrid .blog-shortcode.blog-masonry-shortcode-id-11048dce4dfb0fce4d207411cc74ac69.resize-by-browser-width .dt-css-grid .wf-cell,\n  .no-cssgridlegacy.no-cssgrid .blog-shortcode.blog-masonry-shortcode-id-11048dce4dfb0fce4d207411cc74ac69.resize-by-browser-width .dt-css-grid .wf-cell {\n    width: 50%;\n  }\n  .cssgridlegacy.no-cssgrid .blog-shortcode.blog-masonry-shortcode-id-11048dce4dfb0fce4d207411cc74ac69.resize-by-browser-width .dt-css-grid .wf-cell.double-width,\n  .no-cssgridlegacy.no-cssgrid .blog-shortcode.blog-masonry-shortcode-id-11048dce4dfb0fce4d207411cc74ac69.resize-by-browser-width .dt-css-grid .wf-cell.double-width {\n    width: calc(50%)*2;\n  }\n}\n@media screen and (max-width: 767px) {\n  .blog-shortcode.blog-masonry-shortcode-id-11048dce4dfb0fce4d207411cc74ac69.resize-by-browser-width .dt-css-grid {\n    grid-template-columns: repeat(1,1fr);\n  }\n  .blog-shortcode.blog-masonry-shortcode-id-11048dce4dfb0fce4d207411cc74ac69.resize-by-browser-width .dt-css-grid .double-width {\n    grid-column: span 1;\n  }\n  .cssgridlegacy.no-cssgrid .blog-shortcode.blog-masonry-shortcode-id-11048dce4dfb0fce4d207411cc74ac69.resize-by-browser-width .dt-css-grid .wf-cell,\n  .no-cssgridlegacy.no-cssgrid .blog-shortcode.blog-masonry-shortcode-id-11048dce4dfb0fce4d207411cc74ac69.resize-by-browser-width .dt-css-grid .wf-cell {\n    width: 100%;\n  }\n  .cssgridlegacy.no-cssgrid .blog-shortcode.blog-masonry-shortcode-id-11048dce4dfb0fce4d207411cc74ac69.resize-by-browser-width .dt-css-grid .wf-cell.double-width,\n  .no-cssgridlegacy.no-cssgrid .blog-shortcode.blog-masonry-shortcode-id-11048dce4dfb0fce4d207411cc74ac69.resize-by-browser-width .dt-css-grid .wf-cell.double-width {\n    width: calc(100%)*2;\n  }\n}\n<\/style><div class=\"blog-shortcode blog-masonry-shortcode-id-11048dce4dfb0fce4d207411cc74ac69 mode-grid gradient-overlap-layout-list content-bg-on jquery-filter content-align-center scale-img dt-css-grid-wrap dt-icon-bg-off resize-by-browser-width loading-effect-fade-in description-under-image \" data-padding=\"15px\" data-cur-page=\"1\" data-post-limit=\"-1\" data-pagination-mode=\"none\" data-desktop-columns-num=\"3\" data-v-tablet-columns-num=\"2\" data-h-tablet-columns-num=\"2\" data-phone-columns-num=\"1\" data-width=\"0px\" data-columns=\"0\"><div class=\"dt-css-grid\" ><div class=\"visible wf-cell\" data-post-id=\"3558\" data-date=\"2020-11-10T10:28:22-03:00\" data-name=\"Edi\u00e7\u00e3o Setembro de 2019\"><article class=\"post project-odd visible post-3558 type-post status-publish format-standard has-post-thumbnail hentry category-magazine category-48 description-off\" data-name=\"Edi\u00e7\u00e3o Setembro de 2019\" data-date=\"2020-11-10T10:28:22-03:00\">\n\n<div class=\"post-thumbnail-wrap\">\n\t<div class=\"post-thumbnail\">\n\t\t\n\t\t\n\t\t<a href=\"https:\/\/www.morrodochapeu.com.br\/en\/edicao-setembro-de-2019\/\" class=\"post-thumbnail-rollover layzr-bg layzr-bg\" ><img fetchpriority=\"high\" decoding=\"async\" class=\"iso-lazy-load preload-me iso-lazy-load aspect\" src=\"data:image\/svg+xml,%3Csvg%20xmlns%3D&#39;http%3A%2F%2Fwww.w3.org%2F2000%2Fsvg&#39;%20viewBox%3D&#39;0%200%20768%20512&#39;%2F%3E\" data-src=\"https:\/\/www.morrodochapeu.com.br\/wp-content\/uploads\/2020\/04\/morro-do-chapeu-destacada-revista-setembro-2019-1-768x512.jpg\" data-srcset=\"https:\/\/www.morrodochapeu.com.br\/wp-content\/uploads\/2020\/04\/morro-do-chapeu-destacada-revista-setembro-2019-1-768x512.jpg 768w, https:\/\/www.morrodochapeu.com.br\/wp-content\/uploads\/2020\/04\/morro-do-chapeu-destacada-revista-setembro-2019-1-829x553.jpg 829w\" loading=\"eager\" style=\"--ratio: 768 \/ 512\" sizes=\"(max-width: 768px) 100vw, 768px\" alt=\"\" title=\"morro-do-chapeu-destacada-revista-setembro-2019\" width=\"768\" height=\"512\"  \/><\/a>\t<\/div>\n<\/div>\n\n\n<div class=\"post-entry-content\">\n\n\t<h3 class=\"entry-title\">\n\t\t<a href=\"https:\/\/www.morrodochapeu.com.br\/en\/edicao-setembro-de-2019\/\" title=\"Edi\u00e7\u00e3o Setembro de 2019\" rel=\"bookmark\">Edi\u00e7\u00e3o Setembro de 2019<\/a>\n\t<\/h3>\n\n\t<div class=\"entry-meta\"><a href=\"https:\/\/www.morrodochapeu.com.br\/en\/2020\/11\/10\/\" title=\"10:28\" class=\"data-link\" rel=\"bookmark\"><time class=\"entry-date updated\" datetime=\"2020-11-10T10:28:22-03:00\">10 de November de 2020<\/time><\/a><\/div>\n\t\n\t\n<a href=\"https:\/\/www.morrodochapeu.com.br\/en\/edicao-setembro-de-2019\/\" class=\"post-details details-type-link\" aria-label=\"Read more about Edi\u00e7\u00e3o Setembro de 2019\">Leia mais<i class=\"dt-icon-the7-arrow-03\" aria-hidden=\"true\"><\/i><\/a>\n\n<\/div><\/article><\/div><div class=\"visible wf-cell\" data-post-id=\"3551\" data-date=\"2020-11-10T10:26:38-03:00\" data-name=\"Edi\u00e7\u00e3o dos 60 Anos\"><article class=\"post project-odd visible post-3551 type-post status-publish format-standard has-post-thumbnail hentry category-magazine category-48 description-off\" data-name=\"Edi\u00e7\u00e3o dos 60 Anos\" data-date=\"2020-11-10T10:26:38-03:00\">\n\n<div class=\"post-thumbnail-wrap\">\n\t<div class=\"post-thumbnail\">\n\t\t\n\t\t\n\t\t<a href=\"https:\/\/www.morrodochapeu.com.br\/en\/edicao-dos-60-anos\/\" class=\"post-thumbnail-rollover layzr-bg layzr-bg\" ><img decoding=\"async\" class=\"iso-lazy-load preload-me iso-lazy-load aspect\" src=\"data:image\/svg+xml,%3Csvg%20xmlns%3D&#39;http%3A%2F%2Fwww.w3.org%2F2000%2Fsvg&#39;%20viewBox%3D&#39;0%200%20768%20512&#39;%2F%3E\" data-src=\"https:\/\/www.morrodochapeu.com.br\/wp-content\/uploads\/2020\/04\/morro-do-chapeu-destacada-revista-setembro-60-anos-768x512.jpg\" data-srcset=\"https:\/\/www.morrodochapeu.com.br\/wp-content\/uploads\/2020\/04\/morro-do-chapeu-destacada-revista-setembro-60-anos-768x512.jpg 768w, https:\/\/www.morrodochapeu.com.br\/wp-content\/uploads\/2020\/04\/morro-do-chapeu-destacada-revista-setembro-60-anos-829x553.jpg 829w\" loading=\"eager\" style=\"--ratio: 768 \/ 512\" sizes=\"(max-width: 768px) 100vw, 768px\" alt=\"\" title=\"morro-do-chapeu-destacada-revista-setembro-60-anos\" width=\"768\" height=\"512\"  \/><\/a>\t<\/div>\n<\/div>\n\n\n<div class=\"post-entry-content\">\n\n\t<h3 class=\"entry-title\">\n\t\t<a href=\"https:\/\/www.morrodochapeu.com.br\/en\/edicao-dos-60-anos\/\" title=\"Edi\u00e7\u00e3o dos 60 Anos\" rel=\"bookmark\">Edi\u00e7\u00e3o dos 60 Anos<\/a>\n\t<\/h3>\n\n\t<div class=\"entry-meta\"><a href=\"https:\/\/www.morrodochapeu.com.br\/en\/2020\/11\/10\/\" title=\"10:26\" class=\"data-link\" rel=\"bookmark\"><time class=\"entry-date updated\" datetime=\"2020-11-10T10:26:38-03:00\">10 de November de 2020<\/time><\/a><\/div>\n\t\n\t\n<a href=\"https:\/\/www.morrodochapeu.com.br\/en\/edicao-dos-60-anos\/\" class=\"post-details details-type-link\" aria-label=\"Read more about Edi\u00e7\u00e3o dos 60 Anos\">Leia mais<i class=\"dt-icon-the7-arrow-03\" aria-hidden=\"true\"><\/i><\/a>\n\n<\/div><\/article><\/div><div class=\"visible wf-cell\" data-post-id=\"3527\" data-date=\"2020-11-10T10:20:05-03:00\" data-name=\"Revista Morro do Chap\u00e9u | Dezembro 2017\"><article class=\"post project-odd visible post-3527 type-post status-publish format-standard has-post-thumbnail hentry category-magazine category-48 description-off\" data-name=\"Revista Morro do Chap\u00e9u | Dezembro 2017\" data-date=\"2020-11-10T10:20:05-03:00\">\n\n<div class=\"post-thumbnail-wrap\">\n\t<div class=\"post-thumbnail\">\n\t\t\n\t\t\n\t\t<a href=\"https:\/\/www.morrodochapeu.com.br\/en\/revista-morro-do-chapeu-dezembro-2017\/\" class=\"post-thumbnail-rollover layzr-bg layzr-bg\" ><img decoding=\"async\" class=\"iso-lazy-load preload-me iso-lazy-load aspect\" src=\"data:image\/svg+xml,%3Csvg%20xmlns%3D&#39;http%3A%2F%2Fwww.w3.org%2F2000%2Fsvg&#39;%20viewBox%3D&#39;0%200%20768%20512&#39;%2F%3E\" data-src=\"https:\/\/www.morrodochapeu.com.br\/wp-content\/uploads\/2018\/09\/morro-do-chapeu-destacada-revista-marco-2018-768x512.jpg\" data-srcset=\"https:\/\/www.morrodochapeu.com.br\/wp-content\/uploads\/2018\/09\/morro-do-chapeu-destacada-revista-marco-2018-768x512.jpg 768w, https:\/\/www.morrodochapeu.com.br\/wp-content\/uploads\/2018\/09\/morro-do-chapeu-destacada-revista-marco-2018-800x533.jpg 800w\" loading=\"eager\" style=\"--ratio: 768 \/ 512\" sizes=\"(max-width: 768px) 100vw, 768px\" alt=\"\" title=\"morro-do-chapeu-destacada-revista-marco-2018\" width=\"768\" height=\"512\"  \/><\/a>\t<\/div>\n<\/div>\n\n\n<div class=\"post-entry-content\">\n\n\t<h3 class=\"entry-title\">\n\t\t<a href=\"https:\/\/www.morrodochapeu.com.br\/en\/revista-morro-do-chapeu-dezembro-2017\/\" title=\"Revista Morro do Chap\u00e9u | Dezembro 2017\" rel=\"bookmark\">Revista Morro do Chap\u00e9u | Dezembro 2017<\/a>\n\t<\/h3>\n\n\t<div class=\"entry-meta\"><a href=\"https:\/\/www.morrodochapeu.com.br\/en\/2020\/11\/10\/\" title=\"10:20\" class=\"data-link\" rel=\"bookmark\"><time class=\"entry-date updated\" datetime=\"2020-11-10T10:20:05-03:00\">10 de November de 2020<\/time><\/a><\/div>\n\t\n\t\n<a href=\"https:\/\/www.morrodochapeu.com.br\/en\/revista-morro-do-chapeu-dezembro-2017\/\" class=\"post-details details-type-link\" aria-label=\"Read more about Revista Morro do Chap\u00e9u | Dezembro 2017\">Leia mais<i class=\"dt-icon-the7-arrow-03\" aria-hidden=\"true\"><\/i><\/a>\n\n<\/div><\/article><\/div><div class=\"visible wf-cell\" data-post-id=\"3521\" data-date=\"2020-11-10T10:10:08-03:00\" data-name=\"Edi\u00e7\u00e3o Mar\u00e7o 2018\"><article class=\"post project-odd visible post-3521 type-post status-publish format-standard has-post-thumbnail hentry category-magazine category-48 description-off\" data-name=\"Edi\u00e7\u00e3o Mar\u00e7o 2018\" data-date=\"2020-11-10T10:10:08-03:00\">\n\n<div class=\"post-thumbnail-wrap\">\n\t<div class=\"post-thumbnail\">\n\t\t\n\t\t\n\t\t<a href=\"https:\/\/www.morrodochapeu.com.br\/en\/edicao-marco-2018\/\" class=\"post-thumbnail-rollover layzr-bg layzr-bg\" ><img decoding=\"async\" class=\"iso-lazy-load preload-me iso-lazy-load aspect\" src=\"data:image\/svg+xml,%3Csvg%20xmlns%3D&#39;http%3A%2F%2Fwww.w3.org%2F2000%2Fsvg&#39;%20viewBox%3D&#39;0%200%20768%20512&#39;%2F%3E\" data-src=\"https:\/\/www.morrodochapeu.com.br\/wp-content\/uploads\/2018\/09\/morro-do-chapeu-destacada-revista-marco-2018-1-768x512.jpg\" data-srcset=\"https:\/\/www.morrodochapeu.com.br\/wp-content\/uploads\/2018\/09\/morro-do-chapeu-destacada-revista-marco-2018-1-768x512.jpg 768w, https:\/\/www.morrodochapeu.com.br\/wp-content\/uploads\/2018\/09\/morro-do-chapeu-destacada-revista-marco-2018-1-829x553.jpg 829w\" loading=\"eager\" style=\"--ratio: 768 \/ 512\" sizes=\"(max-width: 768px) 100vw, 768px\" alt=\"\" title=\"morro-do-chapeu-destacada-revista-marco-2018\" width=\"768\" height=\"512\"  \/><\/a>\t<\/div>\n<\/div>\n\n\n<div class=\"post-entry-content\">\n\n\t<h3 class=\"entry-title\">\n\t\t<a href=\"https:\/\/www.morrodochapeu.com.br\/en\/edicao-marco-2018\/\" title=\"Edi\u00e7\u00e3o Mar\u00e7o 2018\" rel=\"bookmark\">Edi\u00e7\u00e3o Mar\u00e7o 2018<\/a>\n\t<\/h3>\n\n\t<div class=\"entry-meta\"><a href=\"https:\/\/www.morrodochapeu.com.br\/en\/2020\/11\/10\/\" title=\"10:10\" class=\"data-link\" rel=\"bookmark\"><time class=\"entry-date updated\" datetime=\"2020-11-10T10:10:08-03:00\">10 de November de 2020<\/time><\/a><\/div>\n\t\n\t\n<a href=\"https:\/\/www.morrodochapeu.com.br\/en\/edicao-marco-2018\/\" class=\"post-details details-type-link\" aria-label=\"Read more about Edi\u00e7\u00e3o Mar\u00e7o 2018\">Leia mais<i class=\"dt-icon-the7-arrow-03\" aria-hidden=\"true\"><\/i><\/a>\n\n<\/div><\/article><\/div><\/div><!-- iso-container|iso-grid --><\/div>[\/vc_column][\/vc_row]<\/p>\n<\/div>","protected":false},"excerpt":{"rendered":"<p>[vc_row][vc_column][vc_empty_space height=&#8221;30px&#8221;][\/vc_column][\/vc_row]<\/p>\n","protected":false},"author":1,"featured_media":0,"parent":0,"menu_order":0,"comment_status":"closed","ping_status":"open","template":"template-microsite.php","meta":{"footnotes":""},"class_list":["post-3238","page","type-page","status-publish","hentry","description-off"],"_links":{"self":[{"href":"https:\/\/www.morrodochapeu.com.br\/en\/wp-json\/wp\/v2\/pages\/3238","targetHints":{"allow":["GET"]}}],"collection":[{"href":"https:\/\/www.morrodochapeu.com.br\/en\/wp-json\/wp\/v2\/pages"}],"about":[{"href":"https:\/\/www.morrodochapeu.com.br\/en\/wp-json\/wp\/v2\/types\/page"}],"author":[{"embeddable":true,"href":"https:\/\/www.morrodochapeu.com.br\/en\/wp-json\/wp\/v2\/users\/1"}],"replies":[{"embeddable":true,"href":"https:\/\/www.morrodochapeu.com.br\/en\/wp-json\/wp\/v2\/comments?post=3238"}],"version-history":[{"count":4,"href":"https:\/\/www.morrodochapeu.com.br\/en\/wp-json\/wp\/v2\/pages\/3238\/revisions"}],"predecessor-version":[{"id":3611,"href":"https:\/\/www.morrodochapeu.com.br\/en\/wp-json\/wp\/v2\/pages\/3238\/revisions\/3611"}],"wp:attachment":[{"href":"https:\/\/www.morrodochapeu.com.br\/en\/wp-json\/wp\/v2\/media?parent=3238"}],"curies":[{"name":"wp","href":"https:\/\/api.w.org\/{rel}","templated":true}]}}